{"id":2590,"date":"2019-04-12T12:58:04","date_gmt":"2019-04-12T10:58:04","guid":{"rendered":"https:\/\/www.hotelgabbiano.com\/spiaggia\/"},"modified":"2019-04-18T10:11:49","modified_gmt":"2019-04-18T08:11:49","slug":"strand","status":"publish","type":"page","link":"https:\/\/www.hotelgabbiano.com\/de\/strand\/","title":{"rendered":"Cattolica: ein zauberhafter sicherer Strand mit vielf\u00e4ltigen Einrichtungen"},"content":{"rendered":"<h2>Ausgezeichnet mit der Blauen Flagge und mit individuellen Serviceangeboten f\u00fcr alle Altersgruppen<\/h2>\n<p>Das <strong>Hotel Gabbiano<\/strong> ist nur <strong>2 Minuten vom bestens ausgestatteten Strand in Cattolica<\/strong> entfernt, wo es sich auf der Liege unter dem Sonnenschirm herrlich entspannen l\u00e4sst. Dieser besondere K\u00fcstenabschnitt der Adria wird jedes Jahr dank seiner Wasserqualit\u00e4t und den <strong>Strandbad-Serviceleistungen in der gesamten Region mit der Blauen Flagge ausgezeichnet<\/strong>.<\/p>\n<p>Alle Str\u00e4nde in der N\u00e4he des Hotel Gabbiano <strong>verf\u00fcgen \u00fcber attraktive Einrichtungen f\u00fcr Erwachsene und Kinder<\/strong>. Die K\u00fcste ist besonders sicher, weil sie sanft, ohne gef\u00e4hrliches Gef\u00e4lle ins Wasser gleitet und st\u00e4ndig von den wachsamen Augen der Rettungsschwimmer \u00fcberwacht wird. Viele Bereiche beinhalten einen <strong>Spielplatz f\u00fcr die Kleinen und spezielle Angebote f\u00fcr Familien.<\/strong><\/p>\n<p>Wenn Sie sportlich sind und nie auf Ihr Fitnessprogramm verzichten, bieten <strong>die Str\u00e4nde von Cattolica f\u00fcr Sie Tennis- und Beachvolleyball-Pl\u00e4tze, sowie Boccia-Felder<\/strong> f\u00fcr jede Menge Spa\u00df auf dem goldgelben Sand.<\/p>\n<p>Im Hotel Gabbiano in Cattolica sind Sie nur einen Schritt vom authentischen Leben auf einem Adria-Strand in der Romagna entfernt.<\/p>\n","protected":false},"excerpt":{"rendered":"<p>Ausgezeichnet mit der Blauen Flagge und mit individuellen Serviceangeboten f\u00fcr alle Altersgruppen Das Hotel Gabbiano ist nur 2 Minuten vom bestens ausgestatteten Strand in Cattolica entfernt, wo es sich auf der Liege unter dem Sonnenschirm herrlich entspannen l\u00e4sst. Dieser besondere K\u00fcstenabschnitt der Adria wird jedes Jahr dank seiner Wasserqualit\u00e4t und den Strandbad-Serviceleistungen in der gesamten Region mit der Blauen Flagge ausgezeichnet. Alle Str\u00e4nde in der N\u00e4he des Hotel Gabbiano verf\u00fcgen &#8230;<\/p>\n","protected":false},"author":1,"featured_media":0,"parent":0,"menu_order":0,"comment_status":"closed","ping_status":"closed","template":"","meta":{"_acf_changed":false},"class_list":["post-2590","page","type-page","status-publish","hentry"],"acf":[],"_links":{"self":[{"href":"https:\/\/www.hotelgabbiano.com\/de\/wp-json\/wp\/v2\/pages\/2590","targetHints":{"allow":["GET"]}}],"collection":[{"href":"https:\/\/www.hotelgabbiano.com\/de\/wp-json\/wp\/v2\/pages"}],"about":[{"href":"https:\/\/www.hotelgabbiano.com\/de\/wp-json\/wp\/v2\/types\/page"}],"author":[{"embeddable":true,"href":"https:\/\/www.hotelgabbiano.com\/de\/wp-json\/wp\/v2\/users\/1"}],"replies":[{"embeddable":true,"href":"https:\/\/www.hotelgabbiano.com\/de\/wp-json\/wp\/v2\/comments?post=2590"}],"version-history":[{"count":0,"href":"https:\/\/www.hotelgabbiano.com\/de\/wp-json\/wp\/v2\/pages\/2590\/revisions"}],"wp:attachment":[{"href":"https:\/\/www.hotelgabbiano.com\/de\/wp-json\/wp\/v2\/media?parent=2590"}],"curies":[{"name":"wp","href":"https:\/\/api.w.org\/{rel}","templated":true}]}}