{"id":2597,"date":"2019-04-12T14:26:55","date_gmt":"2019-04-12T12:26:55","guid":{"rendered":"https:\/\/www.hotelgabbiano.com\/servizi\/"},"modified":"2025-01-08T16:10:04","modified_gmt":"2025-01-08T15:10:04","slug":"hotelausstattung","status":"publish","type":"page","link":"https:\/\/www.hotelgabbiano.com\/de\/hotelausstattung\/","title":{"rendered":"Hotel Cattolica mit Schwimmbad mit Whirlecke und Gegenstromanlage"},"content":{"rendered":"<h3>Ma\u00dfgeschneiderte L\u00f6sungen, die Ihren Urlaub vereinfachen und ihn noch spezieller machen<\/h3>\n<p>Im Gabbiano di Cattolica, einem Hotel mit privatem Parkplatz in 300 Metern Entfernung und interner Garage (auf Anfrage verf\u00fcgbar), vergessen Sie w\u00e4hrend Ihres Aufenthalts alle Sorgen, wie zum Beispiel, wo Sie das Auto abstellen sollen, und widmen sich ganz der Entspannung.<\/p>\n<p>Wenn Sie Lust auf ein erfrischendes Bad haben, steht Ihnen das beheizte Hallenbad mit Hydromassage und Gegenstromschwimmen zur Verf\u00fcgung. Wenn Sie mit Ihrem Smartphone in v\u00f6lliger Freiheit surfen m\u00f6chten, steht Ihnen kostenloses WLAN zur Verf\u00fcgung.<\/p>\n<p>F\u00fcr jeden Bedarf finden Sie eine gezielte L\u00f6sung, ideal, um Ihren Aufenthalt am Strand von Cattolica zu vereinfachen. Das Hotel Gabbiano garantiert Ihnen beispielsweise einen kostenlosen Fahrradverleih, mit dem Sie sich v\u00f6llig frei zwischen Meer und Stadt bewegen k\u00f6nnen.<\/p>\n<h3>Entdecken Sie im Detail die Leistungen des Hotel Gabbiano:<\/h3>\n<ul>\n<li>Der weitr\u00e4umige Aufenthaltsbereich <strong>verf\u00fcgt \u00fcber eine gut sortierte Bar<\/strong>.<\/li>\n<li>Auf Mansardenebene kann man sich mit <strong>Panoramasicht sonnenbaden<\/strong>.<\/li>\n<li>F\u00fcr Spazierfahrt und Shopping gibt es <strong>Fahrr\u00e4der<\/strong>.<\/li>\n<li><strong>Eigener Parkplatz<\/strong>.<\/li>\n<li><strong>Garage<\/strong> kann auf Anfrage gebucht werden ((gegen Geb\u00fchr).<\/li>\n<li><strong>Beheiztes Schwimmbad mit Whirlecke und Gegenstromanlage<\/strong>.<\/li>\n<li><strong>Sauna. Tennis an 300 mt<\/strong>.<\/li>\n<li>Gro\u00dfes Restaurant, in dem t\u00e4glich reichhaltige Fisch \u2013 und Fleischmen\u00fcs nach Wahl Sowie Salate und Gem\u00fcse am <strong>B\u00fcffet serviert werden<\/strong>.<\/li>\n<li><strong>Das Fr\u00fchst\u00fcck<\/strong> wird auch am B\u00fcffet serviert.<\/li>\n<li>Die komfortablen, sehr hellen Zimmer haben Balkon, Klimaanlage, Telefon, Minibar, TV-SAT. Radio, Safe. Alle verf\u00fcgen \u00fcber eine Hydromassagedusche, einige auch eine solche Wanne.<\/li>\n<li><strong>Internet Point und Wi-Fi<\/strong> im ganze Hotel.<\/li>\n<\/ul>\n<div id='gallery-1' class='gallery galleryid-2597 gallery-columns-3 gallery-size-full'><figure class='gallery-item'>\n\t\t\t<div class='gallery-icon landscape'>\n\t\t\t\t<a href='https:\/\/www.hotelgabbiano.com\/wp-content\/uploads\/2019\/04\/Gallery-Servizi-02-Hotel-Gabbiano-Cattolica.jpg' data-size=\"1000x700\" title=\"Immagine galleria\"><img loading=\"lazy\" decoding=\"async\" width=\"1000\" height=\"700\" src=\"https:\/\/www.hotelgabbiano.com\/wp-content\/uploads\/2019\/04\/Gallery-Servizi-02-Hotel-Gabbiano-Cattolica.jpg\" class=\"attachment-full size-full\" alt=\"\" srcset=\"https:\/\/www.hotelgabbiano.com\/wp-content\/uploads\/2019\/04\/Gallery-Servizi-02-Hotel-Gabbiano-Cattolica.jpg 1000w, https:\/\/www.hotelgabbiano.com\/wp-content\/uploads\/2019\/04\/Gallery-Servizi-02-Hotel-Gabbiano-Cattolica-768x538.jpg 768w, https:\/\/www.hotelgabbiano.com\/wp-content\/uploads\/2019\/04\/Gallery-Servizi-02-Hotel-Gabbiano-Cattolica-57x40.jpg 57w, https:\/\/www.hotelgabbiano.com\/wp-content\/uploads\/2019\/04\/Gallery-Servizi-02-Hotel-Gabbiano-Cattolica-72x50.jpg 72w, https:\/\/www.hotelgabbiano.com\/wp-content\/uploads\/2019\/04\/Gallery-Servizi-02-Hotel-Gabbiano-Cattolica-114x80.jpg 114w, https:\/\/www.hotelgabbiano.com\/wp-content\/uploads\/2019\/04\/Gallery-Servizi-02-Hotel-Gabbiano-Cattolica-144x101.jpg 144w\" sizes=\"auto, (max-width: 1000px) 100vw, 1000px\" \/><\/a>\n\t\t\t<\/div><\/figure><figure class='gallery-item'>\n\t\t\t<div class='gallery-icon landscape'>\n\t\t\t\t<a href='https:\/\/www.hotelgabbiano.com\/wp-content\/uploads\/2019\/04\/Gallery-Servizi-04-Hotel-Gabbiano-Cattolica.jpg' data-size=\"1000x700\" title=\"Immagine galleria\"><img loading=\"lazy\" decoding=\"async\" width=\"1000\" height=\"700\" src=\"https:\/\/www.hotelgabbiano.com\/wp-content\/uploads\/2019\/04\/Gallery-Servizi-04-Hotel-Gabbiano-Cattolica.jpg\" class=\"attachment-full size-full\" alt=\"\" srcset=\"https:\/\/www.hotelgabbiano.com\/wp-content\/uploads\/2019\/04\/Gallery-Servizi-04-Hotel-Gabbiano-Cattolica.jpg 1000w, https:\/\/www.hotelgabbiano.com\/wp-content\/uploads\/2019\/04\/Gallery-Servizi-04-Hotel-Gabbiano-Cattolica-768x538.jpg 768w, https:\/\/www.hotelgabbiano.com\/wp-content\/uploads\/2019\/04\/Gallery-Servizi-04-Hotel-Gabbiano-Cattolica-57x40.jpg 57w, https:\/\/www.hotelgabbiano.com\/wp-content\/uploads\/2019\/04\/Gallery-Servizi-04-Hotel-Gabbiano-Cattolica-72x50.jpg 72w, https:\/\/www.hotelgabbiano.com\/wp-content\/uploads\/2019\/04\/Gallery-Servizi-04-Hotel-Gabbiano-Cattolica-114x80.jpg 114w, https:\/\/www.hotelgabbiano.com\/wp-content\/uploads\/2019\/04\/Gallery-Servizi-04-Hotel-Gabbiano-Cattolica-144x101.jpg 144w\" sizes=\"auto, (max-width: 1000px) 100vw, 1000px\" \/><\/a>\n\t\t\t<\/div><\/figure><figure class='gallery-item'>\n\t\t\t<div class='gallery-icon landscape'>\n\t\t\t\t<a href='https:\/\/www.hotelgabbiano.com\/wp-content\/uploads\/2019\/04\/Gallery-Servizi-01-Hotel-Gabbiano-Cattolica.jpg' data-size=\"1000x700\" title=\"Immagine galleria\"><img loading=\"lazy\" decoding=\"async\" width=\"1000\" height=\"700\" src=\"https:\/\/www.hotelgabbiano.com\/wp-content\/uploads\/2019\/04\/Gallery-Servizi-01-Hotel-Gabbiano-Cattolica.jpg\" class=\"attachment-full size-full\" alt=\"\" srcset=\"https:\/\/www.hotelgabbiano.com\/wp-content\/uploads\/2019\/04\/Gallery-Servizi-01-Hotel-Gabbiano-Cattolica.jpg 1000w, https:\/\/www.hotelgabbiano.com\/wp-content\/uploads\/2019\/04\/Gallery-Servizi-01-Hotel-Gabbiano-Cattolica-768x538.jpg 768w, https:\/\/www.hotelgabbiano.com\/wp-content\/uploads\/2019\/04\/Gallery-Servizi-01-Hotel-Gabbiano-Cattolica-57x40.jpg 57w, https:\/\/www.hotelgabbiano.com\/wp-content\/uploads\/2019\/04\/Gallery-Servizi-01-Hotel-Gabbiano-Cattolica-72x50.jpg 72w, https:\/\/www.hotelgabbiano.com\/wp-content\/uploads\/2019\/04\/Gallery-Servizi-01-Hotel-Gabbiano-Cattolica-114x80.jpg 114w, https:\/\/www.hotelgabbiano.com\/wp-content\/uploads\/2019\/04\/Gallery-Servizi-01-Hotel-Gabbiano-Cattolica-144x101.jpg 144w\" sizes=\"auto, (max-width: 1000px) 100vw, 1000px\" \/><\/a>\n\t\t\t<\/div><\/figure><figure class='gallery-item'>\n\t\t\t<div class='gallery-icon landscape'>\n\t\t\t\t<a href='https:\/\/www.hotelgabbiano.com\/wp-content\/uploads\/2019\/04\/Gallery-Servizi-03-Hotel-Gabbiano-Cattolica.jpg' data-size=\"1000x700\" title=\"Immagine galleria\"><img loading=\"lazy\" decoding=\"async\" width=\"1000\" height=\"700\" src=\"https:\/\/www.hotelgabbiano.com\/wp-content\/uploads\/2019\/04\/Gallery-Servizi-03-Hotel-Gabbiano-Cattolica.jpg\" class=\"attachment-full size-full\" alt=\"\" srcset=\"https:\/\/www.hotelgabbiano.com\/wp-content\/uploads\/2019\/04\/Gallery-Servizi-03-Hotel-Gabbiano-Cattolica.jpg 1000w, https:\/\/www.hotelgabbiano.com\/wp-content\/uploads\/2019\/04\/Gallery-Servizi-03-Hotel-Gabbiano-Cattolica-768x538.jpg 768w, https:\/\/www.hotelgabbiano.com\/wp-content\/uploads\/2019\/04\/Gallery-Servizi-03-Hotel-Gabbiano-Cattolica-57x40.jpg 57w, https:\/\/www.hotelgabbiano.com\/wp-content\/uploads\/2019\/04\/Gallery-Servizi-03-Hotel-Gabbiano-Cattolica-72x50.jpg 72w, https:\/\/www.hotelgabbiano.com\/wp-content\/uploads\/2019\/04\/Gallery-Servizi-03-Hotel-Gabbiano-Cattolica-114x80.jpg 114w, https:\/\/www.hotelgabbiano.com\/wp-content\/uploads\/2019\/04\/Gallery-Servizi-03-Hotel-Gabbiano-Cattolica-144x101.jpg 144w\" sizes=\"auto, (max-width: 1000px) 100vw, 1000px\" \/><\/a>\n\t\t\t<\/div><\/figure>\n\t\t<\/div>\n\n","protected":false},"excerpt":{"rendered":"<p>Ma\u00dfgeschneiderte L\u00f6sungen, die Ihren Urlaub vereinfachen und ihn noch spezieller machen Im Gabbiano di Cattolica, einem Hotel mit privatem Parkplatz in 300 Metern Entfernung und interner Garage (auf Anfrage verf\u00fcgbar), vergessen Sie w\u00e4hrend Ihres Aufenthalts alle Sorgen, wie zum Beispiel, wo Sie das Auto abstellen sollen, und widmen sich ganz der Entspannung. Wenn Sie Lust auf ein erfrischendes Bad haben, steht Ihnen das beheizte Hallenbad mit Hydromassage und Gegenstromschwimmen zur &#8230;<\/p>\n","protected":false},"author":1,"featured_media":0,"parent":0,"menu_order":0,"comment_status":"closed","ping_status":"closed","template":"","meta":{"_acf_changed":false},"class_list":["post-2597","page","type-page","status-publish","hentry"],"acf":[],"_links":{"self":[{"href":"https:\/\/www.hotelgabbiano.com\/de\/wp-json\/wp\/v2\/pages\/2597","targetHints":{"allow":["GET"]}}],"collection":[{"href":"https:\/\/www.hotelgabbiano.com\/de\/wp-json\/wp\/v2\/pages"}],"about":[{"href":"https:\/\/www.hotelgabbiano.com\/de\/wp-json\/wp\/v2\/types\/page"}],"author":[{"embeddable":true,"href":"https:\/\/www.hotelgabbiano.com\/de\/wp-json\/wp\/v2\/users\/1"}],"replies":[{"embeddable":true,"href":"https:\/\/www.hotelgabbiano.com\/de\/wp-json\/wp\/v2\/comments?post=2597"}],"version-history":[{"count":0,"href":"https:\/\/www.hotelgabbiano.com\/de\/wp-json\/wp\/v2\/pages\/2597\/revisions"}],"wp:attachment":[{"href":"https:\/\/www.hotelgabbiano.com\/de\/wp-json\/wp\/v2\/media?parent=2597"}],"curies":[{"name":"wp","href":"https:\/\/api.w.org\/{rel}","templated":true}]}}