{"id":2663,"date":"2017-12-11T10:19:45","date_gmt":"2017-12-11T09:19:45","guid":{"rendered":"https:\/\/www.hotelgabbiano.com\/ristorante\/"},"modified":"2021-01-28T21:23:28","modified_gmt":"2021-01-28T20:23:28","slug":"restaurant","status":"publish","type":"page","link":"https:\/\/www.hotelgabbiano.com\/de\/restaurant\/","title":{"rendered":"S\u00fc\u00dfe Momente der Freude beim Fr\u00fchst\u00fcck"},"content":{"rendered":"<p>Das Buffet mit Leckereien, das Ihnen jeden Morgen einen guten Morgen beschert, ist wirklich reichhaltig. F\u00fcr Sie viele s\u00fc\u00dfe Vorschl\u00e4ge: Croissants, hausgemachtes Geb\u00e4ck, von Donuts \u00fcber Kekse verschiedener Geschmacksrichtungen bis hin zu Kuchen und Torten. Joghurt, M\u00fcsli von 3 verschiedenen Sorten, frisches Obst der Saison, Honig, Marmelade verschiedener Sorten, Zwieback und frisches Butterbrot. Und wenn Sie das englische Fr\u00fchst\u00fcck im Hotel Gabbiano lieben, mangelt es nie an Schinken, Salami und K\u00e4se f\u00fcr eine volle Ladung Protein und Energie. Hier bietet die Cafeteria viele hei\u00dfe und kalte Getr\u00e4nke, von Kaffee \u00fcber Cappuccino bis hin zu Fruchts\u00e4ften.<\/p>\n<div id='gallery-1' class='gallery galleryid-2663 gallery-columns-3 gallery-size-full'><figure class='gallery-item'>\n\t\t\t<div class='gallery-icon landscape'>\n\t\t\t\t<a href='https:\/\/www.hotelgabbiano.com\/wp-content\/uploads\/2019\/04\/Gallery-Ristorante-01-Hotel-Gabbiano-Cattolica.jpg' data-size=\"1000x700\" title=\"Immagine galleria\"><img loading=\"lazy\" decoding=\"async\" width=\"1000\" height=\"700\" src=\"https:\/\/www.hotelgabbiano.com\/wp-content\/uploads\/2019\/04\/Gallery-Ristorante-01-Hotel-Gabbiano-Cattolica.jpg\" class=\"attachment-full size-full\" alt=\"\" srcset=\"https:\/\/www.hotelgabbiano.com\/wp-content\/uploads\/2019\/04\/Gallery-Ristorante-01-Hotel-Gabbiano-Cattolica.jpg 1000w, https:\/\/www.hotelgabbiano.com\/wp-content\/uploads\/2019\/04\/Gallery-Ristorante-01-Hotel-Gabbiano-Cattolica-768x538.jpg 768w, https:\/\/www.hotelgabbiano.com\/wp-content\/uploads\/2019\/04\/Gallery-Ristorante-01-Hotel-Gabbiano-Cattolica-57x40.jpg 57w, https:\/\/www.hotelgabbiano.com\/wp-content\/uploads\/2019\/04\/Gallery-Ristorante-01-Hotel-Gabbiano-Cattolica-72x50.jpg 72w, https:\/\/www.hotelgabbiano.com\/wp-content\/uploads\/2019\/04\/Gallery-Ristorante-01-Hotel-Gabbiano-Cattolica-114x80.jpg 114w, https:\/\/www.hotelgabbiano.com\/wp-content\/uploads\/2019\/04\/Gallery-Ristorante-01-Hotel-Gabbiano-Cattolica-144x101.jpg 144w\" sizes=\"auto, (max-width: 1000px) 100vw, 1000px\" \/><\/a>\n\t\t\t<\/div><\/figure><figure class='gallery-item'>\n\t\t\t<div class='gallery-icon landscape'>\n\t\t\t\t<a href='https:\/\/www.hotelgabbiano.com\/wp-content\/uploads\/2019\/04\/Gallery-Ristorante-02-Hotel-Gabbiano-Cattolica.jpg' data-size=\"1000x700\" title=\"Immagine galleria\"><img loading=\"lazy\" decoding=\"async\" width=\"1000\" height=\"700\" src=\"https:\/\/www.hotelgabbiano.com\/wp-content\/uploads\/2019\/04\/Gallery-Ristorante-02-Hotel-Gabbiano-Cattolica.jpg\" class=\"attachment-full size-full\" alt=\"\" srcset=\"https:\/\/www.hotelgabbiano.com\/wp-content\/uploads\/2019\/04\/Gallery-Ristorante-02-Hotel-Gabbiano-Cattolica.jpg 1000w, https:\/\/www.hotelgabbiano.com\/wp-content\/uploads\/2019\/04\/Gallery-Ristorante-02-Hotel-Gabbiano-Cattolica-768x538.jpg 768w, https:\/\/www.hotelgabbiano.com\/wp-content\/uploads\/2019\/04\/Gallery-Ristorante-02-Hotel-Gabbiano-Cattolica-57x40.jpg 57w, https:\/\/www.hotelgabbiano.com\/wp-content\/uploads\/2019\/04\/Gallery-Ristorante-02-Hotel-Gabbiano-Cattolica-72x50.jpg 72w, https:\/\/www.hotelgabbiano.com\/wp-content\/uploads\/2019\/04\/Gallery-Ristorante-02-Hotel-Gabbiano-Cattolica-114x80.jpg 114w, https:\/\/www.hotelgabbiano.com\/wp-content\/uploads\/2019\/04\/Gallery-Ristorante-02-Hotel-Gabbiano-Cattolica-144x101.jpg 144w\" sizes=\"auto, (max-width: 1000px) 100vw, 1000px\" \/><\/a>\n\t\t\t<\/div><\/figure><figure class='gallery-item'>\n\t\t\t<div class='gallery-icon landscape'>\n\t\t\t\t<a href='https:\/\/www.hotelgabbiano.com\/wp-content\/uploads\/2019\/04\/Gallery-13-Hotel-Gabbiano-Cattolica.jpg' data-size=\"1000x700\" title=\"Immagine galleria\"><img loading=\"lazy\" decoding=\"async\" width=\"1000\" height=\"700\" src=\"https:\/\/www.hotelgabbiano.com\/wp-content\/uploads\/2019\/04\/Gallery-13-Hotel-Gabbiano-Cattolica.jpg\" class=\"attachment-full size-full\" alt=\"\" srcset=\"https:\/\/www.hotelgabbiano.com\/wp-content\/uploads\/2019\/04\/Gallery-13-Hotel-Gabbiano-Cattolica.jpg 1000w, https:\/\/www.hotelgabbiano.com\/wp-content\/uploads\/2019\/04\/Gallery-13-Hotel-Gabbiano-Cattolica-768x538.jpg 768w, https:\/\/www.hotelgabbiano.com\/wp-content\/uploads\/2019\/04\/Gallery-13-Hotel-Gabbiano-Cattolica-57x40.jpg 57w, https:\/\/www.hotelgabbiano.com\/wp-content\/uploads\/2019\/04\/Gallery-13-Hotel-Gabbiano-Cattolica-72x50.jpg 72w, https:\/\/www.hotelgabbiano.com\/wp-content\/uploads\/2019\/04\/Gallery-13-Hotel-Gabbiano-Cattolica-114x80.jpg 114w, https:\/\/www.hotelgabbiano.com\/wp-content\/uploads\/2019\/04\/Gallery-13-Hotel-Gabbiano-Cattolica-144x101.jpg 144w\" sizes=\"auto, (max-width: 1000px) 100vw, 1000px\" \/><\/a>\n\t\t\t<\/div><\/figure><figure class='gallery-item'>\n\t\t\t<div class='gallery-icon landscape'>\n\t\t\t\t<a href='https:\/\/www.hotelgabbiano.com\/wp-content\/uploads\/2019\/04\/Gallery-18-Hotel-Gabbiano-Cattolica.jpg' data-size=\"1000x700\" title=\"Immagine galleria\"><img loading=\"lazy\" decoding=\"async\" width=\"1000\" height=\"700\" src=\"https:\/\/www.hotelgabbiano.com\/wp-content\/uploads\/2019\/04\/Gallery-18-Hotel-Gabbiano-Cattolica.jpg\" class=\"attachment-full size-full\" alt=\"\" srcset=\"https:\/\/www.hotelgabbiano.com\/wp-content\/uploads\/2019\/04\/Gallery-18-Hotel-Gabbiano-Cattolica.jpg 1000w, https:\/\/www.hotelgabbiano.com\/wp-content\/uploads\/2019\/04\/Gallery-18-Hotel-Gabbiano-Cattolica-768x538.jpg 768w, https:\/\/www.hotelgabbiano.com\/wp-content\/uploads\/2019\/04\/Gallery-18-Hotel-Gabbiano-Cattolica-57x40.jpg 57w, https:\/\/www.hotelgabbiano.com\/wp-content\/uploads\/2019\/04\/Gallery-18-Hotel-Gabbiano-Cattolica-72x50.jpg 72w, https:\/\/www.hotelgabbiano.com\/wp-content\/uploads\/2019\/04\/Gallery-18-Hotel-Gabbiano-Cattolica-114x80.jpg 114w, https:\/\/www.hotelgabbiano.com\/wp-content\/uploads\/2019\/04\/Gallery-18-Hotel-Gabbiano-Cattolica-144x101.jpg 144w\" sizes=\"auto, (max-width: 1000px) 100vw, 1000px\" \/><\/a>\n\t\t\t<\/div><\/figure>\n\t\t<\/div>\n\n","protected":false},"excerpt":{"rendered":"<p>Das Buffet mit Leckereien, das Ihnen jeden Morgen einen guten Morgen beschert, ist wirklich reichhaltig. F\u00fcr Sie viele s\u00fc\u00dfe Vorschl\u00e4ge: Croissants, hausgemachtes Geb\u00e4ck, von Donuts \u00fcber Kekse verschiedener Geschmacksrichtungen bis hin zu Kuchen und Torten. Joghurt, M\u00fcsli von 3 verschiedenen Sorten, frisches Obst der Saison, Honig, Marmelade verschiedener Sorten, Zwieback und frisches Butterbrot. Und wenn Sie das englische Fr\u00fchst\u00fcck im Hotel Gabbiano lieben, mangelt es nie an Schinken, Salami und &#8230;<\/p>\n","protected":false},"author":1,"featured_media":0,"parent":0,"menu_order":0,"comment_status":"closed","ping_status":"closed","template":"","meta":{"_acf_changed":false},"class_list":["post-2663","page","type-page","status-publish","hentry"],"acf":[],"_links":{"self":[{"href":"https:\/\/www.hotelgabbiano.com\/de\/wp-json\/wp\/v2\/pages\/2663","targetHints":{"allow":["GET"]}}],"collection":[{"href":"https:\/\/www.hotelgabbiano.com\/de\/wp-json\/wp\/v2\/pages"}],"about":[{"href":"https:\/\/www.hotelgabbiano.com\/de\/wp-json\/wp\/v2\/types\/page"}],"author":[{"embeddable":true,"href":"https:\/\/www.hotelgabbiano.com\/de\/wp-json\/wp\/v2\/users\/1"}],"replies":[{"embeddable":true,"href":"https:\/\/www.hotelgabbiano.com\/de\/wp-json\/wp\/v2\/comments?post=2663"}],"version-history":[{"count":0,"href":"https:\/\/www.hotelgabbiano.com\/de\/wp-json\/wp\/v2\/pages\/2663\/revisions"}],"wp:attachment":[{"href":"https:\/\/www.hotelgabbiano.com\/de\/wp-json\/wp\/v2\/media?parent=2663"}],"curies":[{"name":"wp","href":"https:\/\/api.w.org\/{rel}","templated":true}]}}