{"id":2709,"date":"2019-04-17T16:35:21","date_gmt":"2019-04-17T14:35:21","guid":{"rendered":"https:\/\/www.hotelgabbiano.com\/listino\/"},"modified":"2020-07-02T13:47:06","modified_gmt":"2020-07-02T11:47:06","slug":"preisliste","status":"publish","type":"page","link":"https:\/\/www.hotelgabbiano.com\/de\/preisliste\/","title":{"rendered":"Preisliste Sommersaison 2020"},"content":{"rendered":"<h3>Preise pro Person und pro Tag (f\u00fcr Mindestaufenthalt von 3 Tagen) im Doppelzimmer mit Klimaanlage, WhirlDusche, WC, F\u00f6n, Telefon, Radio, Farbfernseher-Sat, Minibar, Tresor und Balkon.<\/h3>\n<p>Kurtaxe im Preis nicht enthalten: \u20ac 1,40 pro Tag pro Person f\u00fcr max. 7 Tage. Kinder unter 14 Jahren befreit.<\/p>\n<table style=\"height: 257px;\">\n<tbody>\n<tr style=\"height: 65px;\">\n<td style=\"height: 65px; width: 108px;\">\n<h3>2020<\/h3>\n<\/td>\n<td style=\"height: 65px; width: 124px;\">\n<h3>Halbpension<\/h3>\n<\/td>\n<td style=\"height: 65px; width: 116px;\">\n<h3>Vollpension<\/h3>\n<\/td>\n<\/tr>\n<tr style=\"height: 24px;\">\n<td style=\"height: 24px; width: 108px;\">14.04 \u2013 12.06<\/td>\n<td style=\"height: 24px; width: 124px;\"><strong>\u20ac 50,00<\/strong><\/td>\n<td style=\"height: 24px; width: 116px;\"><strong>\u20ac 56,00<\/strong><\/td>\n<\/tr>\n<tr style=\"height: 24px;\">\n<td style=\"height: 24px; width: 108px;\">13.06 \u2013 03.07<\/td>\n<td style=\"height: 24px; width: 124px;\"><strong>\u20ac 55,00<\/strong><\/td>\n<td style=\"height: 24px; width: 116px;\"><strong>\u20ac 61,00<\/strong><\/td>\n<\/tr>\n<tr style=\"height: 24px;\">\n<td style=\"height: 24px; width: 108px;\">04.07 \u2013 07.08<\/td>\n<td style=\"height: 24px; width: 124px;\"><strong>\u20ac 64,00<\/strong><\/td>\n<td style=\"height: 24px; width: 116px;\"><strong>\u20ac 70,00<\/strong><\/td>\n<\/tr>\n<tr style=\"height: 24px;\">\n<td style=\"height: 24px; width: 108px;\">08.08 \u2013 22.08<\/td>\n<td style=\"height: 24px; width: 124px;\"><strong>\u20ac 82,00<\/strong><\/td>\n<td style=\"height: 24px; width: 116px;\"><strong>\u20ac 88,00<\/strong><\/td>\n<\/tr>\n<tr style=\"height: 24px;\">\n<td style=\"height: 24px; width: 108px;\">23.08 \u2013 31.08<\/td>\n<td style=\"height: 24px; width: 124px;\"><strong>\u20ac 64,00<\/strong><\/td>\n<td style=\"height: 24px; width: 116px;\"><strong>\u20ac 70,00<\/strong><\/td>\n<\/tr>\n<tr style=\"height: 24px;\">\n<td style=\"height: 24px; width: 108px;\">01.09 \u2013 05.09<\/td>\n<td style=\"height: 24px; width: 124px;\"><strong>\u20ac 55,00<\/strong><\/td>\n<td style=\"height: 24px; width: 116px;\"><strong>\u20ac 61,00<\/strong><\/td>\n<\/tr>\n<tr style=\"height: 24px;\">\n<td style=\"height: 24px; width: 108px;\">06.09 \u2013 13.09<\/td>\n<td style=\"height: 24px; width: 124px;\"><strong>\u20ac 50,00<\/strong><\/td>\n<td style=\"height: 24px; width: 116px;\"><strong>\u20ac 56,00<\/strong><\/td>\n<\/tr>\n<tr style=\"height: 24px;\">\n<td style=\"height: 24px; width: 108px;\">14.09 \u2013 30.09<\/td>\n<td style=\"height: 24px; width: 124px;\"><strong>\u20ac 46,00<\/strong><\/td>\n<td style=\"height: 24px; width: 116px;\"><strong>\u20ac 52,00<\/strong><\/td>\n<\/tr>\n<\/tbody>\n<\/table>\n<p>Klicken <a href=\"https:\/\/www.hotelgabbiano.com\/wp-content\/uploads\/2020\/02\/gabbiano-listino-de.pdf\" target=\"_blank\" rel=\"noopener noreferrer\"><strong>SIE HEIR<\/strong><\/a>, um die Preisliste f\u00fcr 2020 herunterzuladen.<\/p>\n<h3><\/h3>\n<h3>Ostern:<\/h3>\n<ul>\n<li><strong>3 Tage<\/strong> mit Vollpension <strong>\u20ac 200,00<\/strong> pro Person.<\/li>\n<li><strong>2 Tage<\/strong> mit Vollpension <strong>\u20ac 150,00<\/strong> pro Person.<\/li>\n<li>Zus\u00e4tzliche Tage \u20ac 56,00.<\/li>\n<\/ul>\n<h3>Monat Mai und ab 14. September:<\/h3>\n<ul>\n<li>Getr\u00e4nke zu den Mahlzeiten inbegriffen f\u00fcr Aufenthalt von mindestens 3 Tage.<\/li>\n<li>Kinder bis 5 Jahren FREI (im Zimmer mit zwei Erwachsene)<\/li>\n<\/ul>\n<h3>Zuschlag:<\/h3>\n<ul>\n<li>Einzelzimmer \u20ac 10,00 pro Tag<\/li>\n<li>Doppelzimmer zur Einzelnutzung 50%<\/li>\n<li>Zimmer mit Jacuzzi Whirlpool \u20ac 12,00 (pro Zimmer)<\/li>\n<li>Garage auf Anfrage \u20ac 9,00 pro Tag<\/li>\n<li>Sauna \u20ac 9,00<\/li>\n<li>ALL-INCLUSIVE Euro 15,00 pro Person pro Tag, min. 2 Personen 5 Tage (\u20ac 20,00 im Einzelzimmer) beinhaltet:<br \/>\nGetr\u00e4nke zu den Mahlzeiten (Mineralwasser, alkoholfreie Getr\u00e4nke und Lokalwein)<br \/>\nStrandservice (ab 4. Reihe)<br \/>\nStrandtuch mit alle 3 Tage Wechsel (+ 1,00 \u20ac f\u00fcr jede weitere Ver\u00e4nderung)<\/li>\n<\/ul>\n<h3>\u00a0kinder (im Zimmer mit zwei Erwachsene) bis 3 Jahren Euro 15,00 pro Tag<\/h3>\n<h3>Erm\u00e4ssigungen:<\/h3>\n<ul>\n<li>von<strong> 3 bis 6 Jahren -50%<\/strong><\/li>\n<li>von<strong> 6 bis 12 Jahren 30%<\/strong><\/li>\n<li><strong>dritte Bett (Erwachsene) 20%<\/strong><\/li>\n<\/ul>\n<h3>Freie Dienstleistungen:<\/h3>\n<p><strong>Swimmingpool mit Unterwassermassage, Sonnenterrasse mit Liegebetten, Wi-Fi, Internet Point, Parkplatz, Tennisplatz und Fahrr\u00e4der.<\/strong><\/p>\n<p>Die Zimmer sind ab 12.00 Uhr am Tag der Anreise und bis 10,00 am Tag der Abreise zur Verf\u00fcgung. Nicht eigenommene Mahlzeiten werden nicht verg\u00fctet, aber wenn erforderlich, ersetzt mit einem Lunchpaket.<\/p>\n<ul>\n<li>Direkt an der Promenade der Viale Carducci, <strong>nur 50 m. vom Strand entfernt<\/strong>.<\/li>\n<li>Komplett renoviert und vollkommen <strong>klimatisiert<\/strong>.<\/li>\n<li>Zimmer mit Balkon, Klimaanlage, Bad mit Massagendusche (auf Wunsch Wanne mit Unterwassermassage), F\u00f6hn, Telefon, Minibar, TV-Sat, Radio und Tresor.<\/li>\n<li>Besonders gepflegte K\u00fcche, <strong>Men\u00fcauswahl mit Fisch- und Fleischspezialit\u00e4ten<\/strong>.<\/li>\n<li><strong>Kindermen\u00fcs und Men\u00fcs<\/strong> f\u00fcr Z\u00f6liakie.<\/li>\n<li>Frische Salat- und Vorspeisenb\u00fcfett zu den Mahlzeiten.<\/li>\n<li>Auch das <strong>Fr\u00fchst\u00fcck wird am B\u00fcfett serviert<\/strong>.<\/li>\n<li>Aufenthaltsraum mit gut ausgestattete <strong>Hotelbar neben dem Swimmingpool<\/strong>.<\/li>\n<li>Sonnenterrasse auf dem Dach mit <strong>Panoramablick<\/strong> und Liegen (gratis).<\/li>\n<li>Sauna und geheizter <strong>Swimmingpool mit Whirlpool<\/strong> und Gegenschwimmanlage.<\/li>\n<li><strong>Internet Point und Wi-Fi<\/strong> im ganzen Hotel.<\/li>\n<li><strong>Privatparkplatz<\/strong> gratis.<\/li>\n<li><strong>Garage<\/strong> im Hotel bei Vorbestellung.<\/li>\n<li><strong>Fahrr\u00e4der zur Verf\u00fcgung<\/strong>.<\/li>\n<li><strong>Kostenloser Tennisplatz<\/strong> nur wenige Schritte vom Hotel entfernt.<\/li>\n<li><strong>Ge\u00f6ffnet von Ostern bis September<\/strong>.<\/li>\n<\/ul>\n<h3>Laden Sie die Preisliste herunter &gt;<\/h3>\n","protected":false},"excerpt":{"rendered":"<p>Preise pro Person und pro Tag (f\u00fcr Mindestaufenthalt von 3 Tagen) im Doppelzimmer mit Klimaanlage, WhirlDusche, WC, F\u00f6n, Telefon, Radio, Farbfernseher-Sat, Minibar, Tresor und Balkon. Kurtaxe im Preis nicht enthalten: \u20ac 1,40 pro Tag pro Person f\u00fcr max. 7 Tage. Kinder unter 14 Jahren befreit. 2020 Halbpension Vollpension 14.04 \u2013 12.06 \u20ac 50,00 \u20ac 56,00 13.06 \u2013 03.07 \u20ac 55,00 \u20ac 61,00 04.07 \u2013 07.08 \u20ac 64,00 \u20ac 70,00 08.08 &#8230;<\/p>\n","protected":false},"author":1,"featured_media":0,"parent":0,"menu_order":0,"comment_status":"closed","ping_status":"closed","template":"","meta":{"_acf_changed":false},"class_list":["post-2709","page","type-page","status-publish","hentry"],"acf":[],"_links":{"self":[{"href":"https:\/\/www.hotelgabbiano.com\/de\/wp-json\/wp\/v2\/pages\/2709","targetHints":{"allow":["GET"]}}],"collection":[{"href":"https:\/\/www.hotelgabbiano.com\/de\/wp-json\/wp\/v2\/pages"}],"about":[{"href":"https:\/\/www.hotelgabbiano.com\/de\/wp-json\/wp\/v2\/types\/page"}],"author":[{"embeddable":true,"href":"https:\/\/www.hotelgabbiano.com\/de\/wp-json\/wp\/v2\/users\/1"}],"replies":[{"embeddable":true,"href":"https:\/\/www.hotelgabbiano.com\/de\/wp-json\/wp\/v2\/comments?post=2709"}],"version-history":[{"count":0,"href":"https:\/\/www.hotelgabbiano.com\/de\/wp-json\/wp\/v2\/pages\/2709\/revisions"}],"wp:attachment":[{"href":"https:\/\/www.hotelgabbiano.com\/de\/wp-json\/wp\/v2\/media?parent=2709"}],"curies":[{"name":"wp","href":"https:\/\/api.w.org\/{rel}","templated":true}]}}