{"id":2931,"date":"2017-01-19T15:59:32","date_gmt":"2017-01-19T14:59:32","guid":{"rendered":"https:\/\/www.hotelgabbiano.com\/privacy\/"},"modified":"2019-05-30T12:59:12","modified_gmt":"2019-05-30T10:59:12","slug":"privacy","status":"publish","type":"page","link":"https:\/\/www.hotelgabbiano.com\/de\/privacy\/","title":{"rendered":"DATENSCHUTZERKL\u00c4RUNG"},"content":{"rendered":"<p><span style=\"font-weight: 400;\">Auf dieser Seite werden gem\u00e4\u00df EU-Verordnung 2016\/679 (nachfolgend \u201eVerordnung\u201c genannt) die Modalit\u00e4ten f\u00fcr die Verarbeitung der personenbezogenen Daten der Benutzer genannt, die die telematisch aufrufbaren Internetseiten besuchen.<br \/>\n<\/span><span style=\"font-weight: 400;\">Die vorliegenden Informationen gelten nicht f\u00fcr andere Websites, Seiten oder Online-Services, die \u00fcber eventuell auf der Internetseite ver\u00f6ffentlichte Hypertext-Links aufgerufen werden k\u00f6nnen, sich aber auf externe Betreiber beziehen, die nichts mit der vorliegenden Domain zu tun haben.<br \/>\n<\/span><span style=\"font-weight: 400;\">Es wird darauf hingewiesen, dass die Datenschutzerkl\u00e4rung sich infolge der Einf\u00fchrung neuer Dienstleistungen oder Gesetzesaktualisierungen \u00e4ndern k\u00f6nnte. Daher werden die Benutzer gebeten, sich regelm\u00e4\u00dfig auf der oben genannten Internetseite \u00fcber eventuelle Neuerungen zu informieren. Auf der vorliegenden Seite werden die Modalit\u00e4ten der Verarbeitung personenbezogener Daten der Benutzer beschrieben, die die Internetseite aufrufen. Die Erkl\u00e4rung wird auch im Sinne von Art. 13 der EU-Verordnung \u00fcber den Schutz der betroffenen Personen in Bezug auf die Verarbeitung personenbezogener Daten abgegeben und betrifft alle Benutzer, die die telematisch \u00fcber die Adresse<\/span> <span style=\"font-weight: 400;\">gabbiano@hotelgabbiano.com<\/span>\u00a0<span style=\"font-weight: 400;\">zug\u00e4nglichen Webdienste von IL GABBIANO S.R.L. verwenden. Eventuelle weitere Modalit\u00e4ten der Datenverarbeitung werden in der entsprechenden Datenschutzerkl\u00e4rung bzw. Cookie Policy auf der offiziellen Startseite <\/span><span style=\"font-weight: 400;\">https:\/\/www.hotelgabbiano.com\/<\/span><span style=\"font-weight: 400;\"> genannt.<br \/>\n<\/span><span style=\"font-weight: 400;\">Die vorliegende Datenschutzerkl\u00e4rung gilt nur f\u00fcr die Internetseite von IL GABBIANO S.R.L. und nicht f\u00fcr andere Websites, die eventuell per Link vom Benutzer aufgerufen werden. Sie basiert auch auf der Empfehlung Nr. 2\/2001 vom 17. Mai 2001 der per Art. 29, Richtlinie Nr. 95\/46\/EU eingesetzten Gruppe der europ\u00e4ischen Datenschutzbeh\u00f6rden in Bezug auf einige Mindestanforderungen f\u00fcr die Online-Erhebung personenbezogener Daten, sowie insbesondere auf die Modalit\u00e4ten, Speicherfristen und Arten der Informationen, die die Verantwortlichen der Datenverarbeitung den Benutzern beim Aufrufen von Internetseiten mitteilen m\u00fcssen, unabh\u00e4ngig von dem Zweck, zu dem dies geschieht.<\/span><\/p>\n<p><b>VERANTWORTLICHER DER DATENVERARBEITUNG<br \/>\n<\/b><span style=\"font-weight: 400;\">Im Zusammenhang mit dem Besuch dieser Internetseite k\u00f6nnen Daten verarbeitet werden, die sich auf identifizierte bzw. identifizierbare Personen beziehen.<br \/>\n<\/span><span style=\"font-weight: 400;\">\u201eVerantwortlicher\u201c f\u00fcr ihre Verarbeitung ist IL GABBIANO S.R.L. mit Rechtssitz in Via Mantova Nr. 7, PLZ 47841, Cattolica (RN), Steuernummer und UID 02483400400<\/span><\/p>\n<p><b>RECHTSGRUNDLAGE DER VERARBEITUNG<br \/>\n<\/b><span style=\"font-weight: 400;\">Die \u00fcber diese Internetseite erhobenen personenbezogenen Daten werden von IL GABBIANO S.R.L. f\u00fcr die Aus\u00fcbung ihrer T\u00e4tigkeiten verwendet. Die Rechtsgrundlagen, auf deren Basis die Daten auf der genannten Internetseite verarbeitet werden, sind Einwilligung, Vertragsdurchf\u00fchrung, Erf\u00fcllung gesetzlicher Pflichten sowie Verfolgung eines berechtigten Interesses.<\/span><\/p>\n<p><b>ORT DER DATENVERARBEITUNG<br \/>\n<\/b><span style=\"font-weight: 400;\">Die mit den Webdiensten auf dieser Internetseite zusammenh\u00e4ngende Datenverarbeitung erfolgt in Italien bei der Serverfarm Xt System, Via Macanno 38\/n, 47924 Rimini, die Dienstleister von Edita srl mit Rechtssitz in Via Flaminia 138, 47923 Rimini (Italien) sind.<br \/>\n<\/span><span style=\"font-weight: 400;\">Die Verarbeitung von Daten im Zusammenhang mit der Verwaltung und Pflege der Internetseite erfolgt durch Edita srl als Auftragsverarbeiter (Art. 28 DSGVO). Edita srl ist eine Webagentur, die f\u00fcr die Einhaltung der DSGVO garantiert.<\/span><\/p>\n<p><b>ART DER VERARBEITETEN DATEN UND ZWECK DER DATENVERARBEITUNG<br \/>\n<\/b><b>Navigationsdaten<br \/>\n<\/b><span style=\"font-weight: 400;\">Die f\u00fcr die Verwaltung dieser Internetseite genutzten Informatiksysteme und Softwareprozeduren erfassen w\u00e4hrend ihres \u00a0normalen Betriebs einige personenbezogene Daten, die bei der Nutzung der Internet-Kommunikationsprotokolle implizit \u00fcbertragen werden.<br \/>\n<\/span><span style=\"font-weight: 400;\">Zu dieser Datenkategorie geh\u00f6ren die IP-Adressen oder Domain-Namen der Computer und Terminals, die von den Benutzern verwendet werden, die URI-\/URL-Adressen (Uniform Resource Identifier\/Locator) der angeforderten Ressourcen, die Uhrzeit der Anfrage, die Anfragemethode beim Server, die Gr\u00f6\u00dfe der Antwortdatei, der numerische Code f\u00fcr die Statusanzeige der Serverantwort (erfolgreich, Fehler usw.) und sonstige Parameter des Betriebssystems und der Informatikumgebung des Benutzers.<br \/>\n<\/span><span style=\"font-weight: 400;\">Diese f\u00fcr die Verwendung der Webdienste notwendigen Daten werden zu folgenden Zwecken gesammelt:<br \/>\n<\/span><span style=\"font-weight: 400;\">&#8211; Erhebung statistischer Informationen \u00fcber die Nutzung der Dienste (meistbesuchte Seiten, Anzahl der Benutzer je Stunde oder Tag, geographische Herkunft usw.);<br \/>\n<\/span>&#8211; Kontrolle des korrekten Betriebs der angebotenen Dienstleistungen.<br \/>\n<b>Vom Benutzer mitgeteilte Daten<br \/>\n<\/b><span style=\"font-weight: 400;\">Die freiwillige und ausdr\u00fcckliche \u00dcbersendung von Nachrichten an die Kontaktadressen von IL GABBIANO S.R.L., sowie das Ausf\u00fcllen und Absenden der auf der Internetseite <\/span><span style=\"font-weight: 400;\">https:\/\/www.hotelgabbiano.com\/<\/span><span style=\"font-weight: 400;\"> vorhandenen Formulare haben die Erfassung der f\u00fcr die Beantwortung notwendigen Kontaktdaten des Absenders zur Folge, ebenso wie aller anderen in der Mitteilung enthaltenen personenbezogenen Daten.<br \/>\n<\/span><span style=\"font-weight: 400;\">Zur Bereitstellung bestimmter Dienste werden auf den einzelnen Seiten von https:\/\/www.hotelgabbiano.com\/ spezifische Datenschutzerkl\u00e4rungen angezeigt.<br \/>\n<\/span><b>Navigationsdaten<br \/>\n<\/b><span style=\"font-weight: 400;\">Diese Daten werden lediglich zur Erhebung anonymer statistischer Angaben \u00fcber die Nutzung der Internetseite und zur Kontrolle ihrer korrekten Betriebsweise verwendet und sofort nach ihrer Verarbeitung gel\u00f6scht. Die automatisch erfassten Informationen k\u00f6nnen von IL GABBIANO S.R.L. f\u00fcr die Feststellung einer Haftung bei eventuellen IT-Delikten gegen die Internetseite verwendet werden, sowie zu statistischen Zwecken und zur Verbesserung der Nutzung und Inhalte der Internetseite. Die eventuell mit Hilfe von Cookies erfassten Daten werden ausf\u00fchrlich im Dokument \u201eCookie Policy\u201c beschrieben.<br \/>\n<\/span><b>Freiwillig vom Benutzer mitgeteilte Daten<br \/>\n<\/b><span style=\"font-weight: 400;\">Die freiwillige und ausdr\u00fcckliche \u00dcbersendung von Daten \u00fcber ausgef\u00fcllte Formulare (form) oder E-Mails an die auf dieser Internetseite genannten E-Mail-Adressen hat die Erfassung der f\u00fcr die Beantwortung notwendigen Adresse des Absenders zur Folge, ebenso wie eventueller anderer in der Mitteilung enthaltener personenbezogener Daten. Es wird darauf hingewiesen, dass die personenbezogenen bzw. Firmendaten, die in die Formulare der Internetseite https:\/\/www.hotelgabbiano.com\/ eingetragen werden, von IL GABBIANO S.R.L. gesch\u00fctzt und ausschlie\u00dflich f\u00fcr die Beantwortung der gestellten Informations- oder Dienstleistungsanfrage verwendet werden.<\/span><\/p>\n<p><b>FREIWILLIGKEIT DER DATENMITTEILUNG<br \/>\n<\/b><span style=\"font-weight: 400;\">Abgesehen von den oben beschriebenen Navigationsdaten steht es dem Benutzer frei, die in den Anfrageformularen an IL GABBIANO S.R.L. geforderten personenbezogenen Daten zu liefern. Immer wenn die Angabe dieser Daten erforderlich ist, erscheint eine spezifische Datenschutzerkl\u00e4rung, in die eingewilligt werden muss.<\/span><\/p>\n<p><b>MODALIT\u00c4TEN DER DATENVERARBEITUNG<br \/>\n<\/b><span style=\"font-weight: 400;\">Die personenbezogenen Daten werden mit automatisierten Mitteln lediglich f\u00fcr den Zeitraum verarbeitet, der zur Erf\u00fcllung des Zwecks ihrer Erhebung unbedingt notwendig ist. Es werden spezielle Sicherheitsma\u00dfnahmen eingehalten, um den Verlust sowie die rechtswidrige oder unrechtm\u00e4\u00dfige Nutzung der Daten ebenso wie nicht autorisierte Zugriffe zu vermeiden. Wir m\u00f6chten die Benutzer dar\u00fcber informieren, dass unsere Internetseite Links zu anderen Websites von Drittbetreibern enth\u00e4lt, um eine umfassende Dienstleistung anzubieten. Jegliche Haftung f\u00fcr Fehler, Inhalte, Cookies, unmoralische oder rechtswidrige Ver\u00f6ffentlichungen, Werbung, Banner oder gegen die geltenden Bestimmungen und Datenschutzvorschriften versto\u00dfende Dateien auf nicht von uns betriebenen Internetseiten wird abgelehnt.<\/span><\/p>\n<p><b>EMPF\u00c4NGER DER DATEN<br \/>\n<\/b><span style=\"font-weight: 400;\">Empf\u00e4nger der Daten, die beim Besuch der oben genannten Internetseiten erfasst wurden, sind folgende Auftragsverarbeiter, die gem\u00e4\u00df Artikel 28 der Datenschutzverordnung von IL GABBIANO S.R.L. ernannt wurden:<br \/>\n<\/span><span style=\"font-weight: 400;\">-EDITA als Erbringer von Diensten im Zusammenhang mit der Entwicklung und Pflege der Web-Plattform;<br \/>\n<\/span><span style=\"font-weight: 400;\">-EDITA als Erbringer von Diensten im Zusammenhang mit der Entwicklung, der Bereitstellung und dem Betrieb der f\u00fcr die Internetseite verwendeten technologischen Plattformen.<br \/>\n<\/span><span style=\"font-weight: 400;\">Die erfassten personenbezogenen Daten werden au\u00dferdem von Angestellten von IL GABBIANO S.R.L. verarbeitet, die in Bezug auf Zweck und Modalit\u00e4ten der Verarbeitung spezifisch unterrichtet wurden.<\/span><\/p>\n<p><b>DATEN\u00dcBERMITTLUNG INS AUSLAND<br \/>\n<\/b><span style=\"font-weight: 400;\">Drittl\u00e4nder: Die Daten werden nicht an Drittl\u00e4nder \u00fcbermittelt.<\/span><\/p>\n<p><b>RECHTE DER BETROFFENEN PERSONEN<br \/>\n<\/b><span style=\"font-weight: 400;\">Sie haben jederzeit das Recht, vom Verantwortlichen der Datenverarbeitung die L\u00f6schung (evtl. Recht auf Vergessenwerden), die Einschr\u00e4nkung, die Aktualisierung, die Berichtigung und die \u00dcbertragbarkeit Sie betreffender Daten zu verlangen und Widerspruch gegen deren Verarbeitung einzulegen, sowie im Allgemeinen alle Rechte gem\u00e4\u00df Art. 15, 16, 17, 18, 19, 20, 21 und 22 der DSGVO auszu\u00fcben, sofern sie auf die Zwecke der Datenverarbeitung anwendbar sind.<\/span><\/p>\n<p><span style=\"font-weight: 400;\">EU-Verordnung 2016\/679: Artikel 15, 16, 17, 18, 19, 20, 21 und 22<\/span><\/p>\n<ol>\n<li><span style=\"font-weight: 400;\"> Die betroffene Person hat das Recht auf Auskunft dar\u00fcber, ob sie betreffende personenbezogene Daten vorhanden sind, auch dann, wenn diese noch nicht gespeichert sind, ebenso wie das Recht auf eine \u00dcbermittlung der genannten Daten in verst\u00e4ndlicher Form.<\/span><\/li>\n<li><span style=\"font-weight: 400;\"> Die betroffene Person hat das Recht auf Auskunft \u00fcber:<br \/>\n<em>a. <\/em><\/span><span style=\"font-weight: 400;\">die Herkunft der personenbezogenen Daten;<br \/>\n<em>b. <\/em><\/span><span style=\"font-weight: 400;\">den Zweck und die Modalit\u00e4ten der Verarbeitung;<br \/>\n<\/span><span style=\"font-weight: 400;\"><em>c. <\/em>das angewandte System bei einer elektronischen Verarbeitung der Daten;<br \/>\n<em>d. <\/em><\/span><span style=\"font-weight: 400;\">die wichtigsten Daten zur Identifizierung des Verantwortlichen, der Auftragsverarbeiter und des gem\u00e4\u00df Artikel 5, Absatz zwei ernannten Vertreters;<br \/>\n<em>e. <\/em><\/span><span style=\"font-weight: 400;\">die Personen oder Kategorien von Personen, denen die personenbezogenen Daten \u00fcbermittelt werden k\u00f6nnen oder die als auf dem Staatsgebiet ernannte Vertreter, Auftragsverarbeiter oder Beauftragte davon Kenntnis erlangen k\u00f6nnen.<\/span><\/li>\n<li><span style=\"font-weight: 400;\">Die betroffene Person hat das Recht:<br \/>\n<em>a. <\/em><\/span>die Aktualisierung, die Berichtigung oder, sofern interessiert, die Erg\u00e4nzung der Daten zu verlangen;<br \/>\n<em>b. <\/em>zu verlangen, dass widerrechtlich verarbeitete Daten gel\u00f6scht, anonymisiert oder gesperrt werden; dies gilt auch f\u00fcr Daten, deren Aufbewahrung f\u00fcr die Zwecke ihrer Erhebung oder sp\u00e4teren Verarbeitung nicht notwendig ist;<br \/>\n<em>c. <\/em><span style=\"font-weight: 400;\"> eine Best\u00e4tigung dar\u00fcber zu erhalten, dass die unter den Buchstaben a) und b) genannten Vorg\u00e4nge auch in Bezug auf ihren Inhalt jenen mitgeteilt wurden, denen die Daten \u00fcbermittelt oder bei denen sie verbreitet wurden, sofern sich dies nicht als unm\u00f6glich erweist oder der Aufwand an Mitteln im Verh\u00e4ltnis zum gesch\u00fctzten Recht unvertretbar gro\u00df w\u00e4re;<br \/>\n<em>d. <\/em><\/span><span style=\"font-weight: 400;\">die \u00dcbertragbarkeit der Daten zu verlangen.<\/span><\/li>\n<li><span style=\"font-weight: 400;\"> Die betroffene Person hat das Recht, sich ganz oder teilweise:<br \/>\n<em>a.\u00a0<\/em><\/span><span style=\"font-weight: 400;\"> der Verarbeitung sie betreffender personenbezogener Daten aus berechtigten Gr\u00fcnden zu widersetzen, auch wenn sie dem Zweck ihrer Erfassung entsprechen;<br \/>\n<em>b. <\/em><\/span><span style=\"font-weight: 400;\">der Verarbeitung sie betreffender personenbezogener Daten zu widersetzen, wenn diese zum Versand von Werbematerial, zum Direktverkauf, zur Markt- bzw. Meinungsforschung oder zur Handelsinformation erfolgt.<\/span><\/li>\n<\/ol>\n<p><b>BESCHWERDERECHT<br \/>\n<\/b><span style=\"font-weight: 400;\">Falls eine betroffene Person der Ansicht ist, dass die auf dieser Internetseite durchgef\u00fchrte Verarbeitung sie betreffender Daten gegen die Bestimmungen der Verordnung verst\u00f6\u00dft, hat sie gem\u00e4\u00df Art. 77 derselben das Recht, bei der Datenschutzaufsichtsbeh\u00f6rde Beschwerde einzulegen oder gerichtlich vorzugehen (Art. 79 der Verordnung).<\/span><\/p>\n<p><span style=\"font-weight: 400;\">Wir m\u00f6chten Sie daran erinnern, dass Sie sich zur Aus\u00fcbung Ihrer Rechte, f\u00fcr den Widerruf der geleisteten Einwilligung sowie f\u00fcr jede Art von Fragen oder Antr\u00e4gen in Bezug auf Ihre personenbezogenen Daten und den Datenschutz jederzeit schriftlich unter der Adresse <\/span><span style=\"font-weight: 400;\">gabbiano@hotelgabbiano.com<\/span><span style=\"font-weight: 400;\"> an den Verantwortlichen der Datenverarbeitung wenden k\u00f6nnen.<\/span><b>\u00a0 \u00a0<\/b><\/p>\n<p>&nbsp;<\/p>\n<p>&nbsp;<\/p>\n","protected":false},"excerpt":{"rendered":"<p>Auf dieser Seite werden gem\u00e4\u00df EU-Verordnung 2016\/679 (nachfolgend \u201eVerordnung\u201c genannt) die Modalit\u00e4ten f\u00fcr die Verarbeitung der personenbezogenen Daten der Benutzer genannt, die die telematisch aufrufbaren Internetseiten besuchen. Die vorliegenden Informationen gelten nicht f\u00fcr andere Websites, Seiten oder Online-Services, die \u00fcber eventuell auf der Internetseite ver\u00f6ffentlichte Hypertext-Links aufgerufen werden k\u00f6nnen, sich aber auf externe Betreiber beziehen, die nichts mit der vorliegenden Domain zu tun haben. Es wird darauf hingewiesen, dass die &#8230;<\/p>\n","protected":false},"author":1,"featured_media":0,"parent":0,"menu_order":0,"comment_status":"closed","ping_status":"closed","template":"","meta":{"_acf_changed":false},"class_list":["post-2931","page","type-page","status-publish","hentry"],"acf":[],"_links":{"self":[{"href":"https:\/\/www.hotelgabbiano.com\/de\/wp-json\/wp\/v2\/pages\/2931","targetHints":{"allow":["GET"]}}],"collection":[{"href":"https:\/\/www.hotelgabbiano.com\/de\/wp-json\/wp\/v2\/pages"}],"about":[{"href":"https:\/\/www.hotelgabbiano.com\/de\/wp-json\/wp\/v2\/types\/page"}],"author":[{"embeddable":true,"href":"https:\/\/www.hotelgabbiano.com\/de\/wp-json\/wp\/v2\/users\/1"}],"replies":[{"embeddable":true,"href":"https:\/\/www.hotelgabbiano.com\/de\/wp-json\/wp\/v2\/comments?post=2931"}],"version-history":[{"count":0,"href":"https:\/\/www.hotelgabbiano.com\/de\/wp-json\/wp\/v2\/pages\/2931\/revisions"}],"wp:attachment":[{"href":"https:\/\/www.hotelgabbiano.com\/de\/wp-json\/wp\/v2\/media?parent=2931"}],"curies":[{"name":"wp","href":"https:\/\/api.w.org\/{rel}","templated":true}]}}