{"id":2566,"date":"2018-08-30T10:09:57","date_gmt":"2018-08-30T08:09:57","guid":{"rendered":"https:\/\/www.hotelgabbiano.com\/pagina-di-esempio\/"},"modified":"2025-01-08T16:26:59","modified_gmt":"2025-01-08T15:26:59","slug":"pagina-di-esempio","status":"publish","type":"page","link":"https:\/\/www.hotelgabbiano.com\/fr\/","title":{"rendered":"H\u00f4tel Bed and breakfast au coeur de Cattolica, \u00e0 50 m\u00e8tres de la mer"},"content":{"rendered":"<h3>Vos vacances \u00e0 l&rsquo;H\u00f4tel Gabbiano 3 \u00e9toiles ont une nouvelle ambiance qui commence chaque matin par un petit-d\u00e9jeuner de r\u00eave : nous l&rsquo;appelons D\u00e9lices et Libert\u00e9.<\/h3>\n<p>Imaginez-vous vous r\u00e9veiller dans une chambre confortable \u00e0 <strong>1 minute de la mer<\/strong> et sentir le parfum du caf\u00e9 fra\u00eechement expresso qui chatouille vos sens&#8230; \u00e0 <strong>l&rsquo;H\u00f4tel Gabbiano bed &amp; breakfast \u00e0 Cattolica,<\/strong> nous vous disons bonjour comme \u00e7a.<\/p>\n<p>Vous entrez dans la salle du petit-d\u00e9jeuner et d\u00e9couvrez <strong>des d\u00e9lices sucr\u00e9s et sal\u00e9s faits maison<\/strong> : g\u00e2teaux, biscuits, desserts, muffins, cr\u00eapes et confitures. Si vous aimez la forme, vous pouvez choisir des fruits frais et des jus de fruits, tandis que si vous pr\u00e9f\u00e9rez les aliments sal\u00e9s, vous pourrez d\u00e9guster des charcuteries, des fromages et des \u0153ufs de notre belle Romagne. Qualit\u00e9, vari\u00e9t\u00e9 des produits et un coin sp\u00e9cifique pour les<strong> intol\u00e9rances alimentaires<\/strong>.<\/p>\n<p>Pour le d\u00e9jeuner et le d\u00eener, vous disposez d&rsquo;une liste vari\u00e9e de restaurants partenaires \u00e0 proximit\u00e9 qui sauront satisfaire tous les go\u00fbts ou vous pouvez choisir la <a href=\"https:\/\/www.hotelcormoran.com\/fr\/restaurant\/?_gl=1*1tgzdqh*_up*MQ..*_ga*MTA2NzE5MTU5Ni4xNzM2MzQ5NzEz*_ga_DVYPL7NKL8*MTczNjM0OTcxMi4xLjEuMTczNjM0OTcxNS4wLjAuMA..*_ga_98FWSF5QEH*MTczNjM0OTcxMi4xLjEuMTczNjM0OTcxNS4wLjAuMA..\">salle de restaurant panoramique de l&rsquo;H\u00f4tel Cormoran<\/a>, notre h\u00f4tel 4 \u00e9toiles situ\u00e9 \u00e0 seulement 300 m\u00e8tres de la propri\u00e9t\u00e9, o\u00f9 vous pourrez d\u00e9guster les plats typiques de la Romagne pr\u00e9par\u00e9s avec des produits frais et authentiques.<\/p>\n<p>Il Gabbiano est situ\u00e9 dans une position privil\u00e9gi\u00e9e : un bed and breakfast pr\u00e8s de la mer \u00e0 Cattolica, directement sur la Via Carducci, le centre de la promenade nocturne. Ici vous \u00eates \u00e0 quelques pas de la plage o\u00f9 vous pourrez profiter d&rsquo;un bain de soleil quand vous le souhaitez. Mais pas seulement&#8230; Lorsque vous souhaitez vous immerger compl\u00e8tement dans la d\u00e9tente, vous pourrez profiter de la splendide piscine couverte et chauff\u00e9e avec hydromassage et nage \u00e0 contre-courant.<\/p>\n<p>Ici, vous \u00eates accueilli par un sourire ensoleill\u00e9 et le \u00ab s \u00bb caract\u00e9ristique de la Romagne qui vous met imm\u00e9diatement \u00e0 l&rsquo;aise.<br \/>\nDe plus, \u00e0 partir de cette ann\u00e9e, une bouff\u00e9e d&rsquo;air frais arrive : nous vous donnons la libert\u00e9 de vivre des vacances sur mesure gr\u00e2ce \u00e0 notre toute nouvelle formule bed &amp; breakfast.<\/p>\n<p><strong>La famille Silvagni vous attend !<\/strong><\/p>\n<p>&nbsp;<\/p>\n","protected":false},"excerpt":{"rendered":"<p>Vos vacances \u00e0 l&rsquo;H\u00f4tel Gabbiano 3 \u00e9toiles ont une nouvelle ambiance qui commence chaque matin par un petit-d\u00e9jeuner de r\u00eave : nous l&rsquo;appelons D\u00e9lices et Libert\u00e9. Imaginez-vous vous r\u00e9veiller dans une chambre confortable \u00e0 1 minute de la mer et sentir le parfum du caf\u00e9 fra\u00eechement expresso qui chatouille vos sens&#8230; \u00e0 l&rsquo;H\u00f4tel Gabbiano bed &amp; breakfast \u00e0 Cattolica, nous vous disons bonjour comme \u00e7a. Vous entrez dans la salle &#8230;<\/p>\n","protected":false},"author":1,"featured_media":0,"parent":0,"menu_order":0,"comment_status":"closed","ping_status":"open","template":"","meta":{"_acf_changed":false},"class_list":["post-2566","page","type-page","status-publish","hentry"],"acf":[],"_links":{"self":[{"href":"https:\/\/www.hotelgabbiano.com\/fr\/wp-json\/wp\/v2\/pages\/2566","targetHints":{"allow":["GET"]}}],"collection":[{"href":"https:\/\/www.hotelgabbiano.com\/fr\/wp-json\/wp\/v2\/pages"}],"about":[{"href":"https:\/\/www.hotelgabbiano.com\/fr\/wp-json\/wp\/v2\/types\/page"}],"author":[{"embeddable":true,"href":"https:\/\/www.hotelgabbiano.com\/fr\/wp-json\/wp\/v2\/users\/1"}],"replies":[{"embeddable":true,"href":"https:\/\/www.hotelgabbiano.com\/fr\/wp-json\/wp\/v2\/comments?post=2566"}],"version-history":[{"count":0,"href":"https:\/\/www.hotelgabbiano.com\/fr\/wp-json\/wp\/v2\/pages\/2566\/revisions"}],"wp:attachment":[{"href":"https:\/\/www.hotelgabbiano.com\/fr\/wp-json\/wp\/v2\/media?parent=2566"}],"curies":[{"name":"wp","href":"https:\/\/api.w.org\/{rel}","templated":true}]}}