{"id":2589,"date":"2019-04-12T12:58:04","date_gmt":"2019-04-12T10:58:04","guid":{"rendered":"https:\/\/www.hotelgabbiano.com\/spiaggia\/"},"modified":"2019-04-18T10:55:05","modified_gmt":"2019-04-18T08:55:05","slug":"plage","status":"publish","type":"page","link":"https:\/\/www.hotelgabbiano.com\/fr\/plage\/","title":{"rendered":"Cattolica : une superbe plage s\u00fbre et \u00e9quip\u00e9e"},"content":{"rendered":"<h2>Une mer au drapeau bleu et des services pour tous les \u00e2ges<\/h2>\n<p>L\u2019<strong>H\u00f4tel Gabbiano<\/strong>, proche de la plage \u00e9quip\u00e9e de Cattolica, n\u2019est qu\u2019<strong>\u00e0 2 minutes du sable dor\u00e9 et du relax sur les transats et sous les parasols<\/strong>. Cette partie sp\u00e9cifique du littoral adriatique re\u00e7oit chaque ann\u00e9e la <strong>reconnaissance du Drapeau Bleu pour la qualit\u00e9 de ses eaux<\/strong> et des services baln\u00e9aires offerts sur la c\u00f4te.<\/p>\n<p>Toutes les plages les plus proches de l\u2019H\u00f4tel Gabbiano <strong>pr\u00e9sentent des services adapt\u00e9s aux adultes comme aux enfants<\/strong>. La baignade est compl\u00e8tement s\u00fbre car la pente est progressive, sans descentes dangereuses, et vous \u00eates constamment sous l\u2019\u0153il vigilant des surveillants de baignade. Vous trouverez nombre de <strong>parcs de jeu pour les plus petits et toute sorte d\u2019attentions r\u00e9serv\u00e9es aux familles<\/strong>.<\/p>\n<p>Si vous \u00eates sportif et que vous ne pouvez pas vous passer de pratiquer une activit\u00e9 physique, <strong>les plages de Cattolica font la part belle aux terrains de beach tennis, de p\u00e9tanque ou de beach volley<\/strong>, l\u2019id\u00e9al pour une petite partie sur le sable dor\u00e9.<\/p>\n<p>\u00c0 l\u2019H\u00f4tel Gabbiano de Cattolica, vous \u00eates \u00e0 un pas de l\u2019authentique vie de plage \u00e0 la romagnole!<\/p>\n","protected":false},"excerpt":{"rendered":"<p>Une mer au drapeau bleu et des services pour tous les \u00e2ges L\u2019H\u00f4tel Gabbiano, proche de la plage \u00e9quip\u00e9e de Cattolica, n\u2019est qu\u2019\u00e0 2 minutes du sable dor\u00e9 et du relax sur les transats et sous les parasols. Cette partie sp\u00e9cifique du littoral adriatique re\u00e7oit chaque ann\u00e9e la reconnaissance du Drapeau Bleu pour la qualit\u00e9 de ses eaux et des services baln\u00e9aires offerts sur la c\u00f4te. Toutes les plages les &#8230;<\/p>\n","protected":false},"author":1,"featured_media":0,"parent":0,"menu_order":0,"comment_status":"closed","ping_status":"closed","template":"","meta":{"_acf_changed":false},"class_list":["post-2589","page","type-page","status-publish","hentry"],"acf":[],"_links":{"self":[{"href":"https:\/\/www.hotelgabbiano.com\/fr\/wp-json\/wp\/v2\/pages\/2589","targetHints":{"allow":["GET"]}}],"collection":[{"href":"https:\/\/www.hotelgabbiano.com\/fr\/wp-json\/wp\/v2\/pages"}],"about":[{"href":"https:\/\/www.hotelgabbiano.com\/fr\/wp-json\/wp\/v2\/types\/page"}],"author":[{"embeddable":true,"href":"https:\/\/www.hotelgabbiano.com\/fr\/wp-json\/wp\/v2\/users\/1"}],"replies":[{"embeddable":true,"href":"https:\/\/www.hotelgabbiano.com\/fr\/wp-json\/wp\/v2\/comments?post=2589"}],"version-history":[{"count":0,"href":"https:\/\/www.hotelgabbiano.com\/fr\/wp-json\/wp\/v2\/pages\/2589\/revisions"}],"wp:attachment":[{"href":"https:\/\/www.hotelgabbiano.com\/fr\/wp-json\/wp\/v2\/media?parent=2589"}],"curies":[{"name":"wp","href":"https:\/\/api.w.org\/{rel}","templated":true}]}}