{"id":2596,"date":"2019-04-12T14:26:55","date_gmt":"2019-04-12T12:26:55","guid":{"rendered":"https:\/\/www.hotelgabbiano.com\/servizi\/"},"modified":"2025-01-08T15:57:25","modified_gmt":"2025-01-08T14:57:25","slug":"services","status":"publish","type":"page","link":"https:\/\/www.hotelgabbiano.com\/fr\/services\/","title":{"rendered":"Hotel Cattolica avec hydromassage et natation \u00e0 contre \u2013 courant"},"content":{"rendered":"<h3>Des solutions sur mesure qui simplifient vos vacances et les rendent encore plus sp\u00e9ciales<\/h3>\n<p>\u00c0 Gabbiano di Cattolica, un h\u00f4tel avec parking priv\u00e9 \u00e0 300 m\u00e8tres et garage int\u00e9rieur (disponible sur demande), vous oubliez tous vos soucis, comme celui de savoir o\u00f9 laisser la voiture pendant votre s\u00e9jour, et vous vous consacrez enti\u00e8rement \u00e0 la d\u00e9tente.<\/p>\n<p>Lorsque vous avez envie de vous baigner, vous pourrez profiter de la piscine int\u00e9rieure chauff\u00e9e avec hydromassage et nage \u00e0 contre-courant et pour surfer en toute libert\u00e9 avec votre smartphone, vous disposerez du wi-fi gratuit.<\/p>\n<p>Pour chaque besoin, vous trouverez une solution cibl\u00e9e, id\u00e9ale pour simplifier votre s\u00e9jour sur la plage de Cattolica. Par exemple, l&rsquo;H\u00f4tel Gabbiano vous garantit la location gratuite de v\u00e9los pour vous d\u00e9placer en toute libert\u00e9 entre la mer et la ville.<\/p>\n<h3>D\u00e9couvrez les services de l\u2019H\u00f4tel Gabbiano en d\u00e9tail :<\/h3>\n<ul>\n<li>Vaste salle de s\u00e9jour \u00e9quip\u00e9e d\u2019un<strong> bar bien approvisionn\u00e9<\/strong>.<\/li>\n<li><strong>Solarium panoramique<\/strong> au dernier \u00e9tage.<\/li>\n<li><strong>V\u00e9los disponibles<\/strong> pour promenades e shopping.<\/li>\n<li><strong>Parking priv\u00e9<\/strong>. Garage sur r\u00e9servation (payant).<\/li>\n<li><strong>Piscine chauff\u00e9e avec hydromassage<\/strong> et natation \u00e0 contre \u2013 courant.<\/li>\n<li><strong>Sauna. Tennis at 300 m<\/strong>.<\/li>\n<li>Salle de restaurant spacieuse o\u00f9 tous les jours sont propost\u00e9 de <strong>riches menus au choix<\/strong>, \u00e0 base de viande et de poisson, buffets de salades et de l\u00e9gumes.<\/li>\n<li><strong> Petit d\u00e9jeuner au buffet<\/strong>.<\/li>\n<li><strong>Chambres confortables et tr\u00e9s lumineuses avec balcon<\/strong>, climatisation, t\u00e8l\u00e8phone, minibar, TV-SAT, Radio, coffrefort. Toutes avec douche hydromassage, une partie avec baignoire hydromassage.<\/li>\n<li><strong>Internet Point et Wi-Fi<\/strong> dans tout l\u2019hotel.<\/li>\n<\/ul>\n<div id='gallery-1' class='gallery galleryid-2596 gallery-columns-3 gallery-size-full'><figure class='gallery-item'>\n\t\t\t<div class='gallery-icon landscape'>\n\t\t\t\t<a href='https:\/\/www.hotelgabbiano.com\/wp-content\/uploads\/2019\/04\/Gallery-Servizi-02-Hotel-Gabbiano-Cattolica.jpg' data-size=\"1000x700\" title=\"Immagine galleria\"><img loading=\"lazy\" decoding=\"async\" width=\"1000\" height=\"700\" src=\"https:\/\/www.hotelgabbiano.com\/wp-content\/uploads\/2019\/04\/Gallery-Servizi-02-Hotel-Gabbiano-Cattolica.jpg\" class=\"attachment-full size-full\" alt=\"\" srcset=\"https:\/\/www.hotelgabbiano.com\/wp-content\/uploads\/2019\/04\/Gallery-Servizi-02-Hotel-Gabbiano-Cattolica.jpg 1000w, https:\/\/www.hotelgabbiano.com\/wp-content\/uploads\/2019\/04\/Gallery-Servizi-02-Hotel-Gabbiano-Cattolica-768x538.jpg 768w, https:\/\/www.hotelgabbiano.com\/wp-content\/uploads\/2019\/04\/Gallery-Servizi-02-Hotel-Gabbiano-Cattolica-57x40.jpg 57w, https:\/\/www.hotelgabbiano.com\/wp-content\/uploads\/2019\/04\/Gallery-Servizi-02-Hotel-Gabbiano-Cattolica-72x50.jpg 72w, https:\/\/www.hotelgabbiano.com\/wp-content\/uploads\/2019\/04\/Gallery-Servizi-02-Hotel-Gabbiano-Cattolica-114x80.jpg 114w, https:\/\/www.hotelgabbiano.com\/wp-content\/uploads\/2019\/04\/Gallery-Servizi-02-Hotel-Gabbiano-Cattolica-144x101.jpg 144w\" sizes=\"auto, (max-width: 1000px) 100vw, 1000px\" \/><\/a>\n\t\t\t<\/div><\/figure><figure class='gallery-item'>\n\t\t\t<div class='gallery-icon landscape'>\n\t\t\t\t<a href='https:\/\/www.hotelgabbiano.com\/wp-content\/uploads\/2019\/04\/Gallery-Servizi-04-Hotel-Gabbiano-Cattolica.jpg' data-size=\"1000x700\" title=\"Immagine galleria\"><img loading=\"lazy\" decoding=\"async\" width=\"1000\" height=\"700\" src=\"https:\/\/www.hotelgabbiano.com\/wp-content\/uploads\/2019\/04\/Gallery-Servizi-04-Hotel-Gabbiano-Cattolica.jpg\" class=\"attachment-full size-full\" alt=\"\" srcset=\"https:\/\/www.hotelgabbiano.com\/wp-content\/uploads\/2019\/04\/Gallery-Servizi-04-Hotel-Gabbiano-Cattolica.jpg 1000w, https:\/\/www.hotelgabbiano.com\/wp-content\/uploads\/2019\/04\/Gallery-Servizi-04-Hotel-Gabbiano-Cattolica-768x538.jpg 768w, https:\/\/www.hotelgabbiano.com\/wp-content\/uploads\/2019\/04\/Gallery-Servizi-04-Hotel-Gabbiano-Cattolica-57x40.jpg 57w, https:\/\/www.hotelgabbiano.com\/wp-content\/uploads\/2019\/04\/Gallery-Servizi-04-Hotel-Gabbiano-Cattolica-72x50.jpg 72w, https:\/\/www.hotelgabbiano.com\/wp-content\/uploads\/2019\/04\/Gallery-Servizi-04-Hotel-Gabbiano-Cattolica-114x80.jpg 114w, https:\/\/www.hotelgabbiano.com\/wp-content\/uploads\/2019\/04\/Gallery-Servizi-04-Hotel-Gabbiano-Cattolica-144x101.jpg 144w\" sizes=\"auto, (max-width: 1000px) 100vw, 1000px\" \/><\/a>\n\t\t\t<\/div><\/figure><figure class='gallery-item'>\n\t\t\t<div class='gallery-icon landscape'>\n\t\t\t\t<a href='https:\/\/www.hotelgabbiano.com\/wp-content\/uploads\/2019\/04\/Gallery-Servizi-01-Hotel-Gabbiano-Cattolica.jpg' data-size=\"1000x700\" title=\"Immagine galleria\"><img loading=\"lazy\" decoding=\"async\" width=\"1000\" height=\"700\" src=\"https:\/\/www.hotelgabbiano.com\/wp-content\/uploads\/2019\/04\/Gallery-Servizi-01-Hotel-Gabbiano-Cattolica.jpg\" class=\"attachment-full size-full\" alt=\"\" srcset=\"https:\/\/www.hotelgabbiano.com\/wp-content\/uploads\/2019\/04\/Gallery-Servizi-01-Hotel-Gabbiano-Cattolica.jpg 1000w, https:\/\/www.hotelgabbiano.com\/wp-content\/uploads\/2019\/04\/Gallery-Servizi-01-Hotel-Gabbiano-Cattolica-768x538.jpg 768w, https:\/\/www.hotelgabbiano.com\/wp-content\/uploads\/2019\/04\/Gallery-Servizi-01-Hotel-Gabbiano-Cattolica-57x40.jpg 57w, https:\/\/www.hotelgabbiano.com\/wp-content\/uploads\/2019\/04\/Gallery-Servizi-01-Hotel-Gabbiano-Cattolica-72x50.jpg 72w, https:\/\/www.hotelgabbiano.com\/wp-content\/uploads\/2019\/04\/Gallery-Servizi-01-Hotel-Gabbiano-Cattolica-114x80.jpg 114w, https:\/\/www.hotelgabbiano.com\/wp-content\/uploads\/2019\/04\/Gallery-Servizi-01-Hotel-Gabbiano-Cattolica-144x101.jpg 144w\" sizes=\"auto, (max-width: 1000px) 100vw, 1000px\" \/><\/a>\n\t\t\t<\/div><\/figure><figure class='gallery-item'>\n\t\t\t<div class='gallery-icon landscape'>\n\t\t\t\t<a href='https:\/\/www.hotelgabbiano.com\/wp-content\/uploads\/2019\/04\/Gallery-Servizi-03-Hotel-Gabbiano-Cattolica.jpg' data-size=\"1000x700\" title=\"Immagine galleria\"><img loading=\"lazy\" decoding=\"async\" width=\"1000\" height=\"700\" src=\"https:\/\/www.hotelgabbiano.com\/wp-content\/uploads\/2019\/04\/Gallery-Servizi-03-Hotel-Gabbiano-Cattolica.jpg\" class=\"attachment-full size-full\" alt=\"\" srcset=\"https:\/\/www.hotelgabbiano.com\/wp-content\/uploads\/2019\/04\/Gallery-Servizi-03-Hotel-Gabbiano-Cattolica.jpg 1000w, https:\/\/www.hotelgabbiano.com\/wp-content\/uploads\/2019\/04\/Gallery-Servizi-03-Hotel-Gabbiano-Cattolica-768x538.jpg 768w, https:\/\/www.hotelgabbiano.com\/wp-content\/uploads\/2019\/04\/Gallery-Servizi-03-Hotel-Gabbiano-Cattolica-57x40.jpg 57w, https:\/\/www.hotelgabbiano.com\/wp-content\/uploads\/2019\/04\/Gallery-Servizi-03-Hotel-Gabbiano-Cattolica-72x50.jpg 72w, https:\/\/www.hotelgabbiano.com\/wp-content\/uploads\/2019\/04\/Gallery-Servizi-03-Hotel-Gabbiano-Cattolica-114x80.jpg 114w, https:\/\/www.hotelgabbiano.com\/wp-content\/uploads\/2019\/04\/Gallery-Servizi-03-Hotel-Gabbiano-Cattolica-144x101.jpg 144w\" sizes=\"auto, (max-width: 1000px) 100vw, 1000px\" \/><\/a>\n\t\t\t<\/div><\/figure>\n\t\t<\/div>\n\n","protected":false},"excerpt":{"rendered":"<p>Des solutions sur mesure qui simplifient vos vacances et les rendent encore plus sp\u00e9ciales \u00c0 Gabbiano di Cattolica, un h\u00f4tel avec parking priv\u00e9 \u00e0 300 m\u00e8tres et garage int\u00e9rieur (disponible sur demande), vous oubliez tous vos soucis, comme celui de savoir o\u00f9 laisser la voiture pendant votre s\u00e9jour, et vous vous consacrez enti\u00e8rement \u00e0 la d\u00e9tente. Lorsque vous avez envie de vous baigner, vous pourrez profiter de la piscine int\u00e9rieure &#8230;<\/p>\n","protected":false},"author":1,"featured_media":0,"parent":0,"menu_order":0,"comment_status":"closed","ping_status":"closed","template":"","meta":{"_acf_changed":false},"class_list":["post-2596","page","type-page","status-publish","hentry"],"acf":[],"_links":{"self":[{"href":"https:\/\/www.hotelgabbiano.com\/fr\/wp-json\/wp\/v2\/pages\/2596","targetHints":{"allow":["GET"]}}],"collection":[{"href":"https:\/\/www.hotelgabbiano.com\/fr\/wp-json\/wp\/v2\/pages"}],"about":[{"href":"https:\/\/www.hotelgabbiano.com\/fr\/wp-json\/wp\/v2\/types\/page"}],"author":[{"embeddable":true,"href":"https:\/\/www.hotelgabbiano.com\/fr\/wp-json\/wp\/v2\/users\/1"}],"replies":[{"embeddable":true,"href":"https:\/\/www.hotelgabbiano.com\/fr\/wp-json\/wp\/v2\/comments?post=2596"}],"version-history":[{"count":0,"href":"https:\/\/www.hotelgabbiano.com\/fr\/wp-json\/wp\/v2\/pages\/2596\/revisions"}],"wp:attachment":[{"href":"https:\/\/www.hotelgabbiano.com\/fr\/wp-json\/wp\/v2\/media?parent=2596"}],"curies":[{"name":"wp","href":"https:\/\/api.w.org\/{rel}","templated":true}]}}