{"id":2661,"date":"2017-12-11T10:19:45","date_gmt":"2017-12-11T09:19:45","guid":{"rendered":"https:\/\/www.hotelgabbiano.com\/ristorante\/"},"modified":"2021-01-28T21:24:47","modified_gmt":"2021-01-28T20:24:47","slug":"restaurant","status":"publish","type":"page","link":"https:\/\/www.hotelgabbiano.com\/fr\/restaurant\/","title":{"rendered":"Doux moments de plaisir au petit d\u00e9jeuner"},"content":{"rendered":"<p>Le buffet de friandises qui vous fait passer un bon matin tous les matins est vraiment copieux. Pour vous de nombreuses propositions sucr\u00e9es: croissants, p\u00e2tisseries maison, des beignets aux biscuits aux saveurs vari\u00e9es, jusqu&rsquo;aux tartes et g\u00e2teaux. Yaourt, c\u00e9r\u00e9ales de 3 types diff\u00e9rents, fruits frais de saison, miel, confiture de diff\u00e9rentes vari\u00e9t\u00e9s, biscottes et pain frais \u00e0 beurrer. Et si vous aimez le petit-d\u00e9jeuner anglais de l&rsquo;h\u00f4tel Gabbiano, vous ne manquerez jamais de jambon, de salami et de fromage pour une pleine charge de prot\u00e9ines et d&rsquo;\u00e9nergie. Ici, la caf\u00e9t\u00e9ria comprend de nombreuses boissons chaudes et froides, du caf\u00e9 au cappuccino, en passant par les jus de fruits.<\/p>\n<div id='gallery-1' class='gallery galleryid-2661 gallery-columns-3 gallery-size-full'><figure class='gallery-item'>\n\t\t\t<div class='gallery-icon landscape'>\n\t\t\t\t<a href='https:\/\/www.hotelgabbiano.com\/wp-content\/uploads\/2019\/04\/Gallery-Ristorante-01-Hotel-Gabbiano-Cattolica.jpg' data-size=\"1000x700\" title=\"Immagine galleria\"><img loading=\"lazy\" decoding=\"async\" width=\"1000\" height=\"700\" src=\"https:\/\/www.hotelgabbiano.com\/wp-content\/uploads\/2019\/04\/Gallery-Ristorante-01-Hotel-Gabbiano-Cattolica.jpg\" class=\"attachment-full size-full\" alt=\"\" srcset=\"https:\/\/www.hotelgabbiano.com\/wp-content\/uploads\/2019\/04\/Gallery-Ristorante-01-Hotel-Gabbiano-Cattolica.jpg 1000w, https:\/\/www.hotelgabbiano.com\/wp-content\/uploads\/2019\/04\/Gallery-Ristorante-01-Hotel-Gabbiano-Cattolica-768x538.jpg 768w, https:\/\/www.hotelgabbiano.com\/wp-content\/uploads\/2019\/04\/Gallery-Ristorante-01-Hotel-Gabbiano-Cattolica-57x40.jpg 57w, https:\/\/www.hotelgabbiano.com\/wp-content\/uploads\/2019\/04\/Gallery-Ristorante-01-Hotel-Gabbiano-Cattolica-72x50.jpg 72w, https:\/\/www.hotelgabbiano.com\/wp-content\/uploads\/2019\/04\/Gallery-Ristorante-01-Hotel-Gabbiano-Cattolica-114x80.jpg 114w, https:\/\/www.hotelgabbiano.com\/wp-content\/uploads\/2019\/04\/Gallery-Ristorante-01-Hotel-Gabbiano-Cattolica-144x101.jpg 144w\" sizes=\"auto, (max-width: 1000px) 100vw, 1000px\" \/><\/a>\n\t\t\t<\/div><\/figure><figure class='gallery-item'>\n\t\t\t<div class='gallery-icon landscape'>\n\t\t\t\t<a href='https:\/\/www.hotelgabbiano.com\/wp-content\/uploads\/2019\/04\/Gallery-Ristorante-02-Hotel-Gabbiano-Cattolica.jpg' data-size=\"1000x700\" title=\"Immagine galleria\"><img loading=\"lazy\" decoding=\"async\" width=\"1000\" height=\"700\" src=\"https:\/\/www.hotelgabbiano.com\/wp-content\/uploads\/2019\/04\/Gallery-Ristorante-02-Hotel-Gabbiano-Cattolica.jpg\" class=\"attachment-full size-full\" alt=\"\" srcset=\"https:\/\/www.hotelgabbiano.com\/wp-content\/uploads\/2019\/04\/Gallery-Ristorante-02-Hotel-Gabbiano-Cattolica.jpg 1000w, https:\/\/www.hotelgabbiano.com\/wp-content\/uploads\/2019\/04\/Gallery-Ristorante-02-Hotel-Gabbiano-Cattolica-768x538.jpg 768w, https:\/\/www.hotelgabbiano.com\/wp-content\/uploads\/2019\/04\/Gallery-Ristorante-02-Hotel-Gabbiano-Cattolica-57x40.jpg 57w, https:\/\/www.hotelgabbiano.com\/wp-content\/uploads\/2019\/04\/Gallery-Ristorante-02-Hotel-Gabbiano-Cattolica-72x50.jpg 72w, https:\/\/www.hotelgabbiano.com\/wp-content\/uploads\/2019\/04\/Gallery-Ristorante-02-Hotel-Gabbiano-Cattolica-114x80.jpg 114w, https:\/\/www.hotelgabbiano.com\/wp-content\/uploads\/2019\/04\/Gallery-Ristorante-02-Hotel-Gabbiano-Cattolica-144x101.jpg 144w\" sizes=\"auto, (max-width: 1000px) 100vw, 1000px\" \/><\/a>\n\t\t\t<\/div><\/figure><figure class='gallery-item'>\n\t\t\t<div class='gallery-icon landscape'>\n\t\t\t\t<a href='https:\/\/www.hotelgabbiano.com\/wp-content\/uploads\/2019\/04\/Gallery-13-Hotel-Gabbiano-Cattolica.jpg' data-size=\"1000x700\" title=\"Immagine galleria\"><img loading=\"lazy\" decoding=\"async\" width=\"1000\" height=\"700\" src=\"https:\/\/www.hotelgabbiano.com\/wp-content\/uploads\/2019\/04\/Gallery-13-Hotel-Gabbiano-Cattolica.jpg\" class=\"attachment-full size-full\" alt=\"\" srcset=\"https:\/\/www.hotelgabbiano.com\/wp-content\/uploads\/2019\/04\/Gallery-13-Hotel-Gabbiano-Cattolica.jpg 1000w, https:\/\/www.hotelgabbiano.com\/wp-content\/uploads\/2019\/04\/Gallery-13-Hotel-Gabbiano-Cattolica-768x538.jpg 768w, https:\/\/www.hotelgabbiano.com\/wp-content\/uploads\/2019\/04\/Gallery-13-Hotel-Gabbiano-Cattolica-57x40.jpg 57w, https:\/\/www.hotelgabbiano.com\/wp-content\/uploads\/2019\/04\/Gallery-13-Hotel-Gabbiano-Cattolica-72x50.jpg 72w, https:\/\/www.hotelgabbiano.com\/wp-content\/uploads\/2019\/04\/Gallery-13-Hotel-Gabbiano-Cattolica-114x80.jpg 114w, https:\/\/www.hotelgabbiano.com\/wp-content\/uploads\/2019\/04\/Gallery-13-Hotel-Gabbiano-Cattolica-144x101.jpg 144w\" sizes=\"auto, (max-width: 1000px) 100vw, 1000px\" \/><\/a>\n\t\t\t<\/div><\/figure><figure class='gallery-item'>\n\t\t\t<div class='gallery-icon landscape'>\n\t\t\t\t<a href='https:\/\/www.hotelgabbiano.com\/wp-content\/uploads\/2019\/04\/Gallery-18-Hotel-Gabbiano-Cattolica.jpg' data-size=\"1000x700\" title=\"Immagine galleria\"><img loading=\"lazy\" decoding=\"async\" width=\"1000\" height=\"700\" src=\"https:\/\/www.hotelgabbiano.com\/wp-content\/uploads\/2019\/04\/Gallery-18-Hotel-Gabbiano-Cattolica.jpg\" class=\"attachment-full size-full\" alt=\"\" srcset=\"https:\/\/www.hotelgabbiano.com\/wp-content\/uploads\/2019\/04\/Gallery-18-Hotel-Gabbiano-Cattolica.jpg 1000w, https:\/\/www.hotelgabbiano.com\/wp-content\/uploads\/2019\/04\/Gallery-18-Hotel-Gabbiano-Cattolica-768x538.jpg 768w, https:\/\/www.hotelgabbiano.com\/wp-content\/uploads\/2019\/04\/Gallery-18-Hotel-Gabbiano-Cattolica-57x40.jpg 57w, https:\/\/www.hotelgabbiano.com\/wp-content\/uploads\/2019\/04\/Gallery-18-Hotel-Gabbiano-Cattolica-72x50.jpg 72w, https:\/\/www.hotelgabbiano.com\/wp-content\/uploads\/2019\/04\/Gallery-18-Hotel-Gabbiano-Cattolica-114x80.jpg 114w, https:\/\/www.hotelgabbiano.com\/wp-content\/uploads\/2019\/04\/Gallery-18-Hotel-Gabbiano-Cattolica-144x101.jpg 144w\" sizes=\"auto, (max-width: 1000px) 100vw, 1000px\" \/><\/a>\n\t\t\t<\/div><\/figure>\n\t\t<\/div>\n\n","protected":false},"excerpt":{"rendered":"<p>Le buffet de friandises qui vous fait passer un bon matin tous les matins est vraiment copieux. Pour vous de nombreuses propositions sucr\u00e9es: croissants, p\u00e2tisseries maison, des beignets aux biscuits aux saveurs vari\u00e9es, jusqu&rsquo;aux tartes et g\u00e2teaux. Yaourt, c\u00e9r\u00e9ales de 3 types diff\u00e9rents, fruits frais de saison, miel, confiture de diff\u00e9rentes vari\u00e9t\u00e9s, biscottes et pain frais \u00e0 beurrer. Et si vous aimez le petit-d\u00e9jeuner anglais de l&rsquo;h\u00f4tel Gabbiano, vous ne &#8230;<\/p>\n","protected":false},"author":1,"featured_media":0,"parent":0,"menu_order":0,"comment_status":"closed","ping_status":"closed","template":"","meta":{"_acf_changed":false},"class_list":["post-2661","page","type-page","status-publish","hentry"],"acf":[],"_links":{"self":[{"href":"https:\/\/www.hotelgabbiano.com\/fr\/wp-json\/wp\/v2\/pages\/2661","targetHints":{"allow":["GET"]}}],"collection":[{"href":"https:\/\/www.hotelgabbiano.com\/fr\/wp-json\/wp\/v2\/pages"}],"about":[{"href":"https:\/\/www.hotelgabbiano.com\/fr\/wp-json\/wp\/v2\/types\/page"}],"author":[{"embeddable":true,"href":"https:\/\/www.hotelgabbiano.com\/fr\/wp-json\/wp\/v2\/users\/1"}],"replies":[{"embeddable":true,"href":"https:\/\/www.hotelgabbiano.com\/fr\/wp-json\/wp\/v2\/comments?post=2661"}],"version-history":[{"count":0,"href":"https:\/\/www.hotelgabbiano.com\/fr\/wp-json\/wp\/v2\/pages\/2661\/revisions"}],"wp:attachment":[{"href":"https:\/\/www.hotelgabbiano.com\/fr\/wp-json\/wp\/v2\/media?parent=2661"}],"curies":[{"name":"wp","href":"https:\/\/api.w.org\/{rel}","templated":true}]}}