{"id":2673,"date":"2019-04-12T12:50:20","date_gmt":"2019-04-12T10:50:20","guid":{"rendered":"https:\/\/www.hotelgabbiano.com\/piscina-riscaldata\/"},"modified":"2019-04-18T15:58:06","modified_gmt":"2019-04-18T13:58:06","slug":"piscine-chaufee","status":"publish","type":"page","link":"https:\/\/www.hotelgabbiano.com\/fr\/piscine-chaufee\/","title":{"rendered":"Pour un plongeon dans l\u2019azur, votre h\u00f4tel avec piscine chauff\u00e9e"},"content":{"rendered":"<h2>M\u00eame s\u2019il pleut dehors, ne renoncez pas au plaisir d\u2019une bonne nage, pour relaxer le corps et l\u2019esprit<\/h2>\n<p>Au Gabbiano, <strong>h\u00f4tel avec piscine chauff\u00e9e et hydromassage situ\u00e9 \u00e0 Cattolica<\/strong>, il n\u2019est pas n\u00e9cessaire d\u2019aller sur la plage pour vous conc\u00e9der un plongeon rafraichissant et r\u00e9g\u00e9n\u00e9rant. Il vous suffit de descendre au rez-de-chauss\u00e9e du Gabbiano pour trouver <strong>une charmante piscine couverte et chauff\u00e9e<\/strong>, l\u2019id\u00e9al pour s\u2019offrir quelques longueurs de brasse, m\u00eame quand dehors le ciel fait grise mine.<\/p>\n<p>Ici, pour vous, nous avons install\u00e9 un <strong>dispositif de nage \u00e0 contre-courant<\/strong>, parfait pour se maintenir en forme, m\u00eame en vacances. Vous vous relaxez compl\u00e8tement, vous laissez l\u2019eau soulever votre corps et vous vous conc\u00e9dez un agr\u00e9able massage.<\/p>\n<p>Choisissez comment passer au mieux votre temps, entre <strong>hydromassage<\/strong> et d\u00e9tente sur les <strong>confortables transats install\u00e9s au bord de la piscine<\/strong>. L\u2019endroit id\u00e9al pour faire une petite sieste, bouquiner ou savourer votre ap\u00e9ritif pr\u00e9f\u00e9r\u00e9 en toute tranquillit\u00e9.<\/p>\n<div id='gallery-1' class='gallery galleryid-2673 gallery-columns-3 gallery-size-full'><figure class='gallery-item'>\n\t\t\t<div class='gallery-icon landscape'>\n\t\t\t\t<a href='https:\/\/www.hotelgabbiano.com\/wp-content\/uploads\/2019\/04\/Gallery-07-Hotel-Gabbiano-Cattolica.jpg' data-size=\"1000x700\" title=\"Immagine galleria\"><img loading=\"lazy\" decoding=\"async\" width=\"1000\" height=\"700\" src=\"https:\/\/www.hotelgabbiano.com\/wp-content\/uploads\/2019\/04\/Gallery-07-Hotel-Gabbiano-Cattolica.jpg\" class=\"attachment-full size-full\" alt=\"\" srcset=\"https:\/\/www.hotelgabbiano.com\/wp-content\/uploads\/2019\/04\/Gallery-07-Hotel-Gabbiano-Cattolica.jpg 1000w, https:\/\/www.hotelgabbiano.com\/wp-content\/uploads\/2019\/04\/Gallery-07-Hotel-Gabbiano-Cattolica-768x538.jpg 768w, https:\/\/www.hotelgabbiano.com\/wp-content\/uploads\/2019\/04\/Gallery-07-Hotel-Gabbiano-Cattolica-57x40.jpg 57w, https:\/\/www.hotelgabbiano.com\/wp-content\/uploads\/2019\/04\/Gallery-07-Hotel-Gabbiano-Cattolica-72x50.jpg 72w, https:\/\/www.hotelgabbiano.com\/wp-content\/uploads\/2019\/04\/Gallery-07-Hotel-Gabbiano-Cattolica-114x80.jpg 114w, https:\/\/www.hotelgabbiano.com\/wp-content\/uploads\/2019\/04\/Gallery-07-Hotel-Gabbiano-Cattolica-144x101.jpg 144w\" sizes=\"auto, (max-width: 1000px) 100vw, 1000px\" \/><\/a>\n\t\t\t<\/div><\/figure><figure class='gallery-item'>\n\t\t\t<div class='gallery-icon landscape'>\n\t\t\t\t<a href='https:\/\/www.hotelgabbiano.com\/wp-content\/uploads\/2019\/04\/Gallery-14-Hotel-Gabbiano-Cattolica.jpg' data-size=\"1000x700\" title=\"Immagine galleria\"><img loading=\"lazy\" decoding=\"async\" width=\"1000\" height=\"700\" src=\"https:\/\/www.hotelgabbiano.com\/wp-content\/uploads\/2019\/04\/Gallery-14-Hotel-Gabbiano-Cattolica.jpg\" class=\"attachment-full size-full\" alt=\"\" srcset=\"https:\/\/www.hotelgabbiano.com\/wp-content\/uploads\/2019\/04\/Gallery-14-Hotel-Gabbiano-Cattolica.jpg 1000w, https:\/\/www.hotelgabbiano.com\/wp-content\/uploads\/2019\/04\/Gallery-14-Hotel-Gabbiano-Cattolica-768x538.jpg 768w, https:\/\/www.hotelgabbiano.com\/wp-content\/uploads\/2019\/04\/Gallery-14-Hotel-Gabbiano-Cattolica-57x40.jpg 57w, https:\/\/www.hotelgabbiano.com\/wp-content\/uploads\/2019\/04\/Gallery-14-Hotel-Gabbiano-Cattolica-72x50.jpg 72w, https:\/\/www.hotelgabbiano.com\/wp-content\/uploads\/2019\/04\/Gallery-14-Hotel-Gabbiano-Cattolica-114x80.jpg 114w, https:\/\/www.hotelgabbiano.com\/wp-content\/uploads\/2019\/04\/Gallery-14-Hotel-Gabbiano-Cattolica-144x101.jpg 144w\" sizes=\"auto, (max-width: 1000px) 100vw, 1000px\" \/><\/a>\n\t\t\t<\/div><\/figure><figure class='gallery-item'>\n\t\t\t<div class='gallery-icon landscape'>\n\t\t\t\t<a href='https:\/\/www.hotelgabbiano.com\/wp-content\/uploads\/2019\/04\/Gallery-Servizi-04-Hotel-Gabbiano-Cattolica.jpg' data-size=\"1000x700\" title=\"Immagine galleria\"><img loading=\"lazy\" decoding=\"async\" width=\"1000\" height=\"700\" src=\"https:\/\/www.hotelgabbiano.com\/wp-content\/uploads\/2019\/04\/Gallery-Servizi-04-Hotel-Gabbiano-Cattolica.jpg\" class=\"attachment-full size-full\" alt=\"\" srcset=\"https:\/\/www.hotelgabbiano.com\/wp-content\/uploads\/2019\/04\/Gallery-Servizi-04-Hotel-Gabbiano-Cattolica.jpg 1000w, https:\/\/www.hotelgabbiano.com\/wp-content\/uploads\/2019\/04\/Gallery-Servizi-04-Hotel-Gabbiano-Cattolica-768x538.jpg 768w, https:\/\/www.hotelgabbiano.com\/wp-content\/uploads\/2019\/04\/Gallery-Servizi-04-Hotel-Gabbiano-Cattolica-57x40.jpg 57w, https:\/\/www.hotelgabbiano.com\/wp-content\/uploads\/2019\/04\/Gallery-Servizi-04-Hotel-Gabbiano-Cattolica-72x50.jpg 72w, https:\/\/www.hotelgabbiano.com\/wp-content\/uploads\/2019\/04\/Gallery-Servizi-04-Hotel-Gabbiano-Cattolica-114x80.jpg 114w, https:\/\/www.hotelgabbiano.com\/wp-content\/uploads\/2019\/04\/Gallery-Servizi-04-Hotel-Gabbiano-Cattolica-144x101.jpg 144w\" sizes=\"auto, (max-width: 1000px) 100vw, 1000px\" \/><\/a>\n\t\t\t<\/div><\/figure>\n\t\t<\/div>\n\n","protected":false},"excerpt":{"rendered":"<p>M\u00eame s\u2019il pleut dehors, ne renoncez pas au plaisir d\u2019une bonne nage, pour relaxer le corps et l\u2019esprit Au Gabbiano, h\u00f4tel avec piscine chauff\u00e9e et hydromassage situ\u00e9 \u00e0 Cattolica, il n\u2019est pas n\u00e9cessaire d\u2019aller sur la plage pour vous conc\u00e9der un plongeon rafraichissant et r\u00e9g\u00e9n\u00e9rant. Il vous suffit de descendre au rez-de-chauss\u00e9e du Gabbiano pour trouver une charmante piscine couverte et chauff\u00e9e, l\u2019id\u00e9al pour s\u2019offrir quelques longueurs de brasse, m\u00eame &#8230;<\/p>\n","protected":false},"author":1,"featured_media":0,"parent":0,"menu_order":0,"comment_status":"closed","ping_status":"closed","template":"","meta":{"_acf_changed":false},"class_list":["post-2673","page","type-page","status-publish","hentry"],"acf":[],"_links":{"self":[{"href":"https:\/\/www.hotelgabbiano.com\/fr\/wp-json\/wp\/v2\/pages\/2673","targetHints":{"allow":["GET"]}}],"collection":[{"href":"https:\/\/www.hotelgabbiano.com\/fr\/wp-json\/wp\/v2\/pages"}],"about":[{"href":"https:\/\/www.hotelgabbiano.com\/fr\/wp-json\/wp\/v2\/types\/page"}],"author":[{"embeddable":true,"href":"https:\/\/www.hotelgabbiano.com\/fr\/wp-json\/wp\/v2\/users\/1"}],"replies":[{"embeddable":true,"href":"https:\/\/www.hotelgabbiano.com\/fr\/wp-json\/wp\/v2\/comments?post=2673"}],"version-history":[{"count":0,"href":"https:\/\/www.hotelgabbiano.com\/fr\/wp-json\/wp\/v2\/pages\/2673\/revisions"}],"wp:attachment":[{"href":"https:\/\/www.hotelgabbiano.com\/fr\/wp-json\/wp\/v2\/media?parent=2673"}],"curies":[{"name":"wp","href":"https:\/\/api.w.org\/{rel}","templated":true}]}}