{"id":2702,"date":"2016-12-23T11:10:32","date_gmt":"2016-12-23T10:10:32","guid":{"rendered":"https:\/\/www.hotelgabbiano.com\/offerte\/"},"modified":"2025-01-08T16:34:16","modified_gmt":"2025-01-08T15:34:16","slug":"les-offres","status":"publish","type":"page","link":"https:\/\/www.hotelgabbiano.com\/fr\/les-offres\/","title":{"rendered":"Offres de l&rsquo;H\u00f4tel Gabbiano \u00e0 Cattolica"},"content":{"rendered":"<p><strong>Liste des offres de derni\u00e8re minute<\/strong><\/p>\n<p>D\u00e9couvrez nos meilleures offres qui vous permettront d&rsquo;\u00e9conomiser et de passer des vacances fantastiques \u00e0 Cattolica.<\/p>\n","protected":false},"excerpt":{"rendered":"<p>Liste des offres de derni\u00e8re minute D\u00e9couvrez nos meilleures offres qui vous permettront d&rsquo;\u00e9conomiser et de passer des vacances fantastiques \u00e0 Cattolica.<\/p>\n","protected":false},"author":1,"featured_media":0,"parent":0,"menu_order":0,"comment_status":"closed","ping_status":"closed","template":"template\/template.offerte.php","meta":{"_acf_changed":false},"class_list":["post-2702","page","type-page","status-publish","hentry"],"acf":[],"_links":{"self":[{"href":"https:\/\/www.hotelgabbiano.com\/fr\/wp-json\/wp\/v2\/pages\/2702","targetHints":{"allow":["GET"]}}],"collection":[{"href":"https:\/\/www.hotelgabbiano.com\/fr\/wp-json\/wp\/v2\/pages"}],"about":[{"href":"https:\/\/www.hotelgabbiano.com\/fr\/wp-json\/wp\/v2\/types\/page"}],"author":[{"embeddable":true,"href":"https:\/\/www.hotelgabbiano.com\/fr\/wp-json\/wp\/v2\/users\/1"}],"replies":[{"embeddable":true,"href":"https:\/\/www.hotelgabbiano.com\/fr\/wp-json\/wp\/v2\/comments?post=2702"}],"version-history":[{"count":0,"href":"https:\/\/www.hotelgabbiano.com\/fr\/wp-json\/wp\/v2\/pages\/2702\/revisions"}],"wp:attachment":[{"href":"https:\/\/www.hotelgabbiano.com\/fr\/wp-json\/wp\/v2\/media?parent=2702"}],"curies":[{"name":"wp","href":"https:\/\/api.w.org\/{rel}","templated":true}]}}