{"id":2708,"date":"2019-04-17T16:35:21","date_gmt":"2019-04-17T14:35:21","guid":{"rendered":"https:\/\/www.hotelgabbiano.com\/listino\/"},"modified":"2020-07-02T13:46:43","modified_gmt":"2020-07-02T11:46:43","slug":"tarif","status":"publish","type":"page","link":"https:\/\/www.hotelgabbiano.com\/fr\/tarif\/","title":{"rendered":"Tarif saison d\u2019\u00e9t\u00e9 2020"},"content":{"rendered":"<h3>Prix par personne par jour (minimun 3 jours), en chambre \u00e0 2 lits avec climatisation, douche-hydromassage, s\u00e8che-cheveux, t\u00e9l\u00e9phone, radio, TV-Sat, minibar, coffre-fort et balcon.<\/h3>\n<p>Taxe de s\u00e9jour non incluse: \u20ac 1,40 par jour par personne, maximum 7 jours. Enfants jusqu\u2019\u00e0 14 ans exon\u00e9r\u00e9s.<\/p>\n<table>\n<tbody>\n<tr>\n<td>\n<h3>2020<\/h3>\n<\/td>\n<td>\n<h3>Demi-Pension<\/h3>\n<\/td>\n<td>\n<h3>Pension Compl\u00e8te<\/h3>\n<\/td>\n<\/tr>\n<tr>\n<td>14.04 \u2013 12.06<\/td>\n<td><strong>\u20ac 50,00<\/strong><\/td>\n<td><strong>\u20ac 56,00<\/strong><\/td>\n<\/tr>\n<tr>\n<td>13.06 \u2013 03.07<\/td>\n<td><strong>\u20ac 55,00<\/strong><\/td>\n<td><strong>\u20ac 61,00<\/strong><\/td>\n<\/tr>\n<tr>\n<td>04.07 \u2013 07.08<\/td>\n<td><strong>\u20ac 64,00<\/strong><\/td>\n<td><strong>\u20ac 70,00<\/strong><\/td>\n<\/tr>\n<tr>\n<td>08.08 \u2013 22.08<\/td>\n<td><strong>\u20ac 82,00<\/strong><\/td>\n<td><strong>\u20ac 88,00<\/strong><\/td>\n<\/tr>\n<tr>\n<td>23.08 \u2013 31.08<\/td>\n<td><strong>\u20ac 64,00<\/strong><\/td>\n<td><strong>\u20ac 70,00<\/strong><\/td>\n<\/tr>\n<tr>\n<td>01.09 \u2013 05.09<\/td>\n<td><strong>\u20ac 55,00<\/strong><\/td>\n<td><strong>\u20ac 61,00<\/strong><\/td>\n<\/tr>\n<tr>\n<td>06.09 \u2013 13.09<\/td>\n<td><strong>\u20ac 50,00<\/strong><\/td>\n<td><strong>\u20ac 56,00<\/strong><\/td>\n<\/tr>\n<tr>\n<td>14.09 \u2013 30.09<\/td>\n<td><strong>\u20ac 46,00<\/strong><\/td>\n<td><strong>\u20ac 52,00<\/strong><\/td>\n<\/tr>\n<\/tbody>\n<\/table>\n<p>Cliquez <a href=\"https:\/\/www.hotelgabbiano.com\/wp-content\/uploads\/2020\/02\/gabbiano-listino-fr.pdf\" target=\"_blank\" rel=\"noopener noreferrer\"><strong>ICI<\/strong><\/a> pour t\u00e9l\u00e9charger la liste de prix 2020.<\/p>\n<h3><\/h3>\n<h3>Paques:<\/h3>\n<ul>\n<li><strong>3 jours<\/strong> en pension compl\u00e8te <strong>\u20ac 200,00<\/strong> par personne.<\/li>\n<li><strong>2 jours<\/strong> en pension compl\u00e8te <strong>\u20ac 150,00<\/strong> par personne.<\/li>\n<li>Jours supplementairs \u20ac 56,00<\/li>\n<\/ul>\n<h3>Mois de Mai et \u00e0 partir du 14 Septembre:<\/h3>\n<ul>\n<li>Boissons aux repas GRATUITES pour s\u00e9jour d\u2019au moins 3 jours.<\/li>\n<li>Enfants jusq\u2019\u00e0 5 ans GRATUITS (dans la m\u00eame chambre avec deux adultes)<\/li>\n<\/ul>\n<h3>Suppl\u00e9ments:<\/h3>\n<ul>\n<li>Chambre \u00e0 un lit \u20ac 10,00<\/li>\n<li>Chambre double \u00e0 usage individuel 50%<\/li>\n<li>Chambre avec Jacuzzi Whirpool \u20ac 12,00 ( par chambre )<\/li>\n<li>Garage sur demande \u20ac 9,00 par jour<\/li>\n<li>Sauna \u20ac 9,00<\/li>\n<li><strong>All-Inclusive \u20ac 15,00 par personne par jour<\/strong>, min. 2 personnes 5 jours (\u20ac 20.00 en chambre single) <strong>comprend<\/strong>:<br \/>\nles boissons au restaurant (eau min\u00e9rale, boissons gazeuses et vin local)<br \/>\nle service de plage (\u00e0 partir de 4. rang\u00e9e)<br \/>\nserviette de plage avec changement tous les 3 jours (+ \u20ac 1,00 pour chaque changement supplementaire)<\/li>\n<\/ul>\n<h3>\u00a0Enfants (dans la m\u00eame chambre avec deux adultes) jusq\u2019\u00e0 3 ans Euro 15,00 par jour<\/h3>\n<h3>Reductions:<\/h3>\n<ul>\n<li>de<strong> 3 \u00e0 6 ans -50%<\/strong><\/li>\n<li>de<strong> 6 jusqu\u2019\u00e0 12 ans 30%<\/strong><\/li>\n<li><strong>troisi\u00e8me lit (adultes) 20%<\/strong><\/li>\n<\/ul>\n<h3>Services gratuits<\/h3>\n<p><strong>Piscine chauff\u00e9e avec hydro-massage, terrasse solarium avec transats, Wi-Fi, Internet Point, terrain de tennis, parking, v\u00e9los.<\/strong><\/p>\n<p>Les chambres sont disponibles \u00e0 partir de 12h00 le jour d\u2019arriv\u00e9e \u00e0 10h00 le jour du d\u00e9part. Les repas non pris \u00e0 l\u2019H\u00f4tel ne seront pas d\u00e9compt\u00e9s, mais si n\u00e9cessaire, remplac\u00e9 par un pique-nique.<\/p>\n<ul>\n<li style=\"list-style-type: none;\">\n<ul>\n<li>Sur la promenade du soir de Via Carducci, <strong>\u00e0 seulement 50 m\u00e8tres de la mer<\/strong>.<\/li>\n<li>Tr\u00e8s r\u00e9cent et enti\u00e8rement r\u00e9nov\u00e9.<\/li>\n<li><strong>Compl\u00e8tement climatis\u00e9<\/strong> chaud et froid.<\/li>\n<li>Chambres climatis\u00e9es avec balcon, salle de bains avec s\u00e8che-cheveux, douche hydro-massage (\u00e0 la demande baignoire Jacuzzi), t\u00e9l\u00e9phone, radio, minibar, TV-sat et<br \/>\ncoffre-fort.<\/li>\n<li>Cuisine tr\u00e8s soign\u00e9e avec <strong>riches menus au choix<\/strong>, \u00e0 base de viande et de poisson ; buffets de salades et hors-d\u2019oeuvre \u00e0 chaque repas. Petit d\u00e9jeuner avec buffet.<\/li>\n<li><strong>Menus pour enfants et pour coeliaques<\/strong>.<\/li>\n<li>Salle de s\u00e9jour donnant sur la piscine pourvue d\u2019un bar tr\u00e8s fourni.<\/li>\n<li><strong>Piscine chauff\u00e9e avec hydro-massage<\/strong> et <strong>dispositif pour nage contre-courant et sauna<\/strong>.<\/li>\n<li><strong>Grande terrasse-solarium panoramique<\/strong> au dernier \u00e9tage pourvue de transats gratuits.<\/li>\n<li><strong>Internet Point et Wi-Fi<\/strong> zone.<\/li>\n<li><strong>V\u00e9los \u00e0 disposition<\/strong> des clients.<\/li>\n<li><strong>Parking priv\u00e9 gratuit<\/strong>.<\/li>\n<\/ul>\n<\/li>\n<\/ul>\n<ul>\n<li style=\"list-style-type: none;\">\n<ul>\n<li><strong>Garage<\/strong> \u00e0 l\u2019h\u00f4tel sur r\u00e9servation.<\/li>\n<\/ul>\n<\/li>\n<\/ul>\n<ul>\n<li><strong>Court de tennis gratuit<\/strong> \u00e0 quelques pas de l\u2019h\u00f4tel.<\/li>\n<li><strong>Ouvert de P\u00e2ques \u00e0 Septembre<\/strong>.<\/li>\n<\/ul>\n<h3>T\u00e9l\u00e9charger la liste de prix &gt;<\/h3>\n","protected":false},"excerpt":{"rendered":"<p>Prix par personne par jour (minimun 3 jours), en chambre \u00e0 2 lits avec climatisation, douche-hydromassage, s\u00e8che-cheveux, t\u00e9l\u00e9phone, radio, TV-Sat, minibar, coffre-fort et balcon. Taxe de s\u00e9jour non incluse: \u20ac 1,40 par jour par personne, maximum 7 jours. Enfants jusqu\u2019\u00e0 14 ans exon\u00e9r\u00e9s. 2020 Demi-Pension Pension Compl\u00e8te 14.04 \u2013 12.06 \u20ac 50,00 \u20ac 56,00 13.06 \u2013 03.07 \u20ac 55,00 \u20ac 61,00 04.07 \u2013 07.08 \u20ac 64,00 \u20ac 70,00 08.08 \u2013 &#8230;<\/p>\n","protected":false},"author":1,"featured_media":0,"parent":0,"menu_order":0,"comment_status":"closed","ping_status":"closed","template":"","meta":{"_acf_changed":false},"class_list":["post-2708","page","type-page","status-publish","hentry"],"acf":[],"_links":{"self":[{"href":"https:\/\/www.hotelgabbiano.com\/fr\/wp-json\/wp\/v2\/pages\/2708","targetHints":{"allow":["GET"]}}],"collection":[{"href":"https:\/\/www.hotelgabbiano.com\/fr\/wp-json\/wp\/v2\/pages"}],"about":[{"href":"https:\/\/www.hotelgabbiano.com\/fr\/wp-json\/wp\/v2\/types\/page"}],"author":[{"embeddable":true,"href":"https:\/\/www.hotelgabbiano.com\/fr\/wp-json\/wp\/v2\/users\/1"}],"replies":[{"embeddable":true,"href":"https:\/\/www.hotelgabbiano.com\/fr\/wp-json\/wp\/v2\/comments?post=2708"}],"version-history":[{"count":0,"href":"https:\/\/www.hotelgabbiano.com\/fr\/wp-json\/wp\/v2\/pages\/2708\/revisions"}],"wp:attachment":[{"href":"https:\/\/www.hotelgabbiano.com\/fr\/wp-json\/wp\/v2\/media?parent=2708"}],"curies":[{"name":"wp","href":"https:\/\/api.w.org\/{rel}","templated":true}]}}