{"id":2894,"date":"2018-09-05T10:49:59","date_gmt":"2018-09-05T08:49:59","guid":{"rendered":"https:\/\/www.hotelgabbiano.com\/dati-societari\/"},"modified":"2019-05-09T09:46:51","modified_gmt":"2019-05-09T07:46:51","slug":"donnees-sur-la-societe","status":"publish","type":"page","link":"https:\/\/www.hotelgabbiano.com\/fr\/donnees-sur-la-societe\/","title":{"rendered":"Donn\u00e9es sur la soci\u00e9t\u00e9"},"content":{"rendered":"<h2>Donn\u00e9es sur la soci\u00e9t\u00e9 Hotel Gabbiano Cattolica<strong><br \/>\n<\/strong><\/h2>\n<p>D\u00e9nomination et raison sociale: <strong>Il Gabbiano S.r.l.<\/strong><br \/>\nSi\u00e8ge l\u00e9gal: <strong>Via Mantova 7, 47841 Cattolica (RN)<\/strong><br \/>\nDate acte de constitution: <strong>28\/11\/1996<\/strong><br \/>\nDate inscription au registre des entreprises: <strong>13\/06\/1997<\/strong><br \/>\nCapital social: <strong>\u20ac 999.600,00<\/strong><br \/>\nCode d\u2019identification fiscale et n\u00b0 TVA: <strong>IT02483400400<\/strong><br \/>\nCourrier \u00e9lectronique certifi\u00e9 (PEC): <strong>gabbianocattolica@pec.it<\/strong><br \/>\nBureau registre des entreprises:<strong> Forl\u00ec-Cesena e Rimini<\/strong><br \/>\nNum\u00e9ro R\u00e9pertoire \u00e9conomique administratif (Rea): <strong>RN-270462<\/strong><\/p>\n","protected":false},"excerpt":{"rendered":"<p>Donn\u00e9es sur la soci\u00e9t\u00e9 Hotel Gabbiano Cattolica D\u00e9nomination et raison sociale: Il Gabbiano S.r.l. Si\u00e8ge l\u00e9gal: Via Mantova 7, 47841 Cattolica (RN) Date acte de constitution: 28\/11\/1996 Date inscription au registre des entreprises: 13\/06\/1997 Capital social: \u20ac 999.600,00 Code d\u2019identification fiscale et n\u00b0 TVA: IT02483400400 Courrier \u00e9lectronique certifi\u00e9 (PEC): gabbianocattolica@pec.it Bureau registre des entreprises: Forl\u00ec-Cesena e Rimini Num\u00e9ro R\u00e9pertoire \u00e9conomique administratif (Rea): RN-270462<\/p>\n","protected":false},"author":1,"featured_media":0,"parent":0,"menu_order":0,"comment_status":"closed","ping_status":"closed","template":"","meta":{"_acf_changed":false},"class_list":["post-2894","page","type-page","status-publish","hentry"],"acf":[],"_links":{"self":[{"href":"https:\/\/www.hotelgabbiano.com\/fr\/wp-json\/wp\/v2\/pages\/2894","targetHints":{"allow":["GET"]}}],"collection":[{"href":"https:\/\/www.hotelgabbiano.com\/fr\/wp-json\/wp\/v2\/pages"}],"about":[{"href":"https:\/\/www.hotelgabbiano.com\/fr\/wp-json\/wp\/v2\/types\/page"}],"author":[{"embeddable":true,"href":"https:\/\/www.hotelgabbiano.com\/fr\/wp-json\/wp\/v2\/users\/1"}],"replies":[{"embeddable":true,"href":"https:\/\/www.hotelgabbiano.com\/fr\/wp-json\/wp\/v2\/comments?post=2894"}],"version-history":[{"count":0,"href":"https:\/\/www.hotelgabbiano.com\/fr\/wp-json\/wp\/v2\/pages\/2894\/revisions"}],"wp:attachment":[{"href":"https:\/\/www.hotelgabbiano.com\/fr\/wp-json\/wp\/v2\/media?parent=2894"}],"curies":[{"name":"wp","href":"https:\/\/api.w.org\/{rel}","templated":true}]}}